{"id":2421,"date":"2020-10-22T10:20:32","date_gmt":"2020-10-22T08:20:32","guid":{"rendered":"https:\/\/biblio.enp.edu.dz\/?page_id=2421"},"modified":"2023-06-15T16:19:09","modified_gmt":"2023-06-15T14:19:09","slug":"historique-et-presentation","status":"publish","type":"page","link":"https:\/\/biblio.enp.edu.dz\/index.php\/fr\/historique-et-presentation\/","title":{"rendered":"Historique et pr\u00e9sentation"},"content":{"rendered":"\t\t<div data-elementor-type=\"wp-post\" data-elementor-id=\"2421\" class=\"elementor elementor-2421\">\n\t\t\t\t\t\t\t\t\t<section class=\"elementor-section elementor-top-section elementor-element elementor-element-ab131b9 elementor-section-content-middle elementor-section-boxed elementor-section-height-default elementor-section-height-default\" data-id=\"ab131b9\" data-element_type=\"section\" data-settings=\"{&quot;background_background&quot;:&quot;classic&quot;}\">\n\t\t\t\t\t\t\t<div class=\"elementor-background-overlay\"><\/div>\n\t\t\t\t\t\t\t<div class=\"elementor-container elementor-column-gap-wide\">\n\t\t\t\t\t<div class=\"elementor-column elementor-col-100 elementor-top-column elementor-element elementor-element-610a3afc\" data-id=\"610a3afc\" data-element_type=\"column\">\n\t\t\t<div class=\"elementor-widget-wrap elementor-element-populated\">\n\t\t\t\t\t\t\t\t<div class=\"elementor-element elementor-element-5adb39f elementor-widget elementor-widget-heading\" data-id=\"5adb39f\" data-element_type=\"widget\" data-widget_type=\"heading.default\">\n\t\t\t\t<div class=\"elementor-widget-container\">\n\t\t\t<h1 class=\"elementor-heading-title elementor-size-default\">HISTORIQUE ET PR\u00c9SENTATION<\/h1>\t\t<\/div>\n\t\t\t\t<\/div>\n\t\t\t\t\t<\/div>\n\t\t<\/div>\n\t\t\t\t\t\t\t<\/div>\n\t\t<\/section>\n\t\t\t\t<section class=\"elementor-section elementor-top-section elementor-element elementor-element-24950f8 elementor-section-boxed elementor-section-height-default elementor-section-height-default\" data-id=\"24950f8\" data-element_type=\"section\">\n\t\t\t\t\t\t<div class=\"elementor-container elementor-column-gap-default\">\n\t\t\t\t\t<div class=\"elementor-column elementor-col-100 elementor-top-column elementor-element elementor-element-559cbf3f\" data-id=\"559cbf3f\" data-element_type=\"column\">\n\t\t\t<div class=\"elementor-widget-wrap elementor-element-populated\">\n\t\t\t\t\t\t\t\t<div class=\"elementor-element elementor-element-1e7a357 elementor-widget elementor-widget-text-editor\" data-id=\"1e7a357\" data-element_type=\"widget\" data-widget_type=\"text-editor.default\">\n\t\t\t\t<div class=\"elementor-widget-container\">\n\t\t\t\t\t\t\t<!-- wp:themeisle-blocks\/advanced-columns {\"id\":\"wp-block-themeisle-blocks-advanced-columns-d961981b\"} -->\n<div class=\"wp-block-themeisle-blocks-advanced-columns has-undefined-columns has-desktop-undefined-layout has-tablet-equal-layout has-mobile-equal-layout has-default-gap has-vertical-unset\" id=\"wp-block-themeisle-blocks-advanced-columns-d961981b\"><div class=\"wp-block-themeisle-blocks-advanced-columns-overlay\"><\/div><div class=\"innerblocks-wrap\"><\/div><\/div>\n<!-- \/wp:themeisle-blocks\/advanced-columns -->\t\t\t\t\t\t<\/div>\n\t\t\t\t<\/div>\n\t\t\t\t\t<\/div>\n\t\t<\/div>\n\t\t\t\t\t\t\t<\/div>\n\t\t<\/section>\n\t\t\t\t<section class=\"elementor-section elementor-top-section elementor-element elementor-element-51df9c4 elementor-section-boxed elementor-section-height-default elementor-section-height-default\" data-id=\"51df9c4\" data-element_type=\"section\">\n\t\t\t\t\t\t<div class=\"elementor-container elementor-column-gap-default\">\n\t\t\t\t\t<div class=\"elementor-column elementor-col-50 elementor-top-column elementor-element elementor-element-fac2c36\" data-id=\"fac2c36\" data-element_type=\"column\">\n\t\t\t<div class=\"elementor-widget-wrap elementor-element-populated\">\n\t\t\t\t\t\t\t\t<div class=\"elementor-element elementor-element-665ca34 elementor-widget elementor-widget-text-editor\" data-id=\"665ca34\" data-element_type=\"widget\" data-widget_type=\"text-editor.default\">\n\t\t\t\t<div class=\"elementor-widget-container\">\n\t\t\t\t\t\t\t<p><strong><em>L<\/em><\/strong>a biblioth\u00e8que de l\u2019Ecole Nationale Polytechnique a exist\u00e9 depuis la cr\u00e9ation de l\u2019\u00e9cole en 1925. Elle conserve d\u2019importantes collections de fonds anciens d\u2019une grande raret\u00e9, elle se trouvait dans des locaux am\u00e9nag\u00e9s.<\/p>\n<h6><strong><em>E<\/em><\/strong>n d\u00e9cembre 2005, elle a \u00e9t\u00e9 d\u00e9m\u00e9nag\u00e9e dans la nouvelle b\u00e2tisse. L\u2019ancienne biblioth\u00e8que est transform\u00e9e en biblioth\u00e8que annexe et r\u00e9serve.\u00a0 Ses utilisateurs sont principalement les \u00a0\u00e9tudiants des classes pr\u00e9paratoires; r\u00e9am\u00e9nag\u00e9e en 2019, d&rsquo;une capacit\u00e9 de 80 places. En plus de son fonds d&rsquo;ouvrages, elle dispose d&rsquo;un important fonds de p\u00e9riodiques 791 revues (collections closes).<\/h6>\n<p><em><strong>L<\/strong><\/em>a nouvelle biblioth\u00e8que s\u2019\u00e9tend sur une superficie de 1088 m2 avec trois niveaux et comprend deux salles de lecture; la premi\u00e8re d\u2019une capacit\u00e9 d\u2019accueil\u00a0 de 300 places, la seconde de 90 places r\u00e9serv\u00e9e \u00e0 la consultation des th\u00e8ses et m\u00e9moires, une m\u00e9diath\u00e8que et salle de r\u00e9union.<\/p>\t\t\t\t\t\t<\/div>\n\t\t\t\t<\/div>\n\t\t\t\t\t<\/div>\n\t\t<\/div>\n\t\t\t\t<div class=\"elementor-column elementor-col-50 elementor-top-column elementor-element elementor-element-3ec70b2\" data-id=\"3ec70b2\" data-element_type=\"column\">\n\t\t\t<div class=\"elementor-widget-wrap elementor-element-populated\">\n\t\t\t\t\t\t\t\t<div class=\"elementor-element elementor-element-7a01308 elementor-arrows-position-inside elementor-pagination-position-outside elementor-widget elementor-widget-image-carousel\" data-id=\"7a01308\" data-element_type=\"widget\" data-settings=\"{&quot;slides_to_show&quot;:&quot;1&quot;,&quot;autoplay_speed&quot;:4846,&quot;speed&quot;:50,&quot;navigation&quot;:&quot;both&quot;,&quot;autoplay&quot;:&quot;yes&quot;,&quot;pause_on_hover&quot;:&quot;yes&quot;,&quot;pause_on_interaction&quot;:&quot;yes&quot;,&quot;infinite&quot;:&quot;yes&quot;,&quot;effect&quot;:&quot;slide&quot;}\" data-widget_type=\"image-carousel.default\">\n\t\t\t\t<div class=\"elementor-widget-container\">\n\t\t\t            <div class=\"elementor-image-carousel-wrapper swiper-container\" dir=\"ltr\">\n                <div class=\"elementor-image-carousel swiper-wrapper\" aria-live=\"off\">\n\t\t\t\t\t\t\t\t\t\t<div class=\"swiper-slide\"><figure class=\"swiper-slide-inner\"><img decoding=\"async\" class=\"swiper-slide-image\" src=\"https:\/\/biblio.enp.edu.dz\/wp-content\/uploads\/2020\/12\/Bibliotheque1.jpg\" alt=\"Biblioth\u00e8que1\" \/><\/figure><\/div><div class=\"swiper-slide\"><figure class=\"swiper-slide-inner\"><img decoding=\"async\" class=\"swiper-slide-image\" src=\"https:\/\/biblio.enp.edu.dz\/wp-content\/uploads\/2020\/12\/Bibliotheque2.jpg\" alt=\"Biblioth\u00e8que2\" \/><\/figure><\/div>                <\/div>\n\t\t\t\t\t\t\t\t\t                        <div class=\"swiper-pagination\"><\/div>\n\t\t\t\t\t\t\t\t\t\t                        <div class=\"elementor-swiper-button elementor-swiper-button-prev\">\n                            <i class=\"eicon-chevron-left\" aria-hidden=\"true\"><\/i>\n                            <span class=\"elementor-screen-only\">Pr\u00e9c\u00e9dent<\/span>\n                        <\/div>\n                        <div class=\"elementor-swiper-button elementor-swiper-button-next\">\n                            <i class=\"eicon-chevron-right\" aria-hidden=\"true\"><\/i>\n                            <span class=\"elementor-screen-only\">Suivant<\/span>\n                        <\/div>\n\t\t\t\t\t\t\t\t\t            <\/div>\n\t\t\t\t\t<\/div>\n\t\t\t\t<\/div>\n\t\t\t\t\t<\/div>\n\t\t<\/div>\n\t\t\t\t\t\t\t<\/div>\n\t\t<\/section>\n\t\t\t\t<section class=\"elementor-section elementor-top-section elementor-element elementor-element-45da963 elementor-section-boxed elementor-section-height-default elementor-section-height-default\" data-id=\"45da963\" data-element_type=\"section\">\n\t\t\t\t\t\t<div class=\"elementor-container elementor-column-gap-default\">\n\t\t\t\t\t<div class=\"elementor-column elementor-col-100 elementor-top-column elementor-element elementor-element-1f4c467\" data-id=\"1f4c467\" data-element_type=\"column\">\n\t\t\t<div class=\"elementor-widget-wrap elementor-element-populated\">\n\t\t\t\t\t\t\t\t<div class=\"elementor-element elementor-element-27b446f elementor-widget elementor-widget-text-editor\" data-id=\"27b446f\" data-element_type=\"widget\" data-widget_type=\"text-editor.default\">\n\t\t\t\t<div class=\"elementor-widget-container\">\n\t\t\t\t\t\t\t<p><em><strong>L<\/strong><\/em>a biblioth\u00e8que de l\u2019\u00e9cole met \u00e0 la disposition de la communaut\u00e9 universitaire des\u00a0 collections documentaires (imprim\u00e9s et \u00e9lectroniques) n\u00e9cessaires \u00e0 la formation et \u00e0 la recherche.<\/p>\n<p><strong><em>E<\/em><\/strong>n 2012, La Biblioth\u00e8que a lanc\u00e9 un projet de num\u00e9risation de la production scientifique de l\u2019\u00e9cole\u00a0; projet\u00a0 pilot\u00e9 et r\u00e9alis\u00e9 par les biblioth\u00e9caires. Actuellement le fonds de th\u00e8ses et m\u00e9moires soutenus \u00e0 l\u2019\u00e9cole est disponible en texte int\u00e9gral.<strong><em>\u00a0 <\/em><\/strong><\/p>\n<p><strong><em>L<\/em><\/strong>a Biblioth\u00e8que a toujours pens\u00e9 au d\u00e9veloppement soutenu de ses collections et \u00e0 la satisfaction de ses utilisateurs en leur offrant de nouveaux services.<\/p>\t\t\t\t\t\t<\/div>\n\t\t\t\t<\/div>\n\t\t\t\t\t<\/div>\n\t\t<\/div>\n\t\t\t\t\t\t\t<\/div>\n\t\t<\/section>\n\t\t\t\t<section class=\"elementor-section elementor-top-section elementor-element elementor-element-301bd8d elementor-section-boxed elementor-section-height-default elementor-section-height-default\" data-id=\"301bd8d\" data-element_type=\"section\">\n\t\t\t\t\t\t<div class=\"elementor-container elementor-column-gap-default\">\n\t\t\t\t\t<div class=\"elementor-column elementor-col-100 elementor-top-column elementor-element elementor-element-f8be901\" data-id=\"f8be901\" data-element_type=\"column\">\n\t\t\t<div class=\"elementor-widget-wrap elementor-element-populated\">\n\t\t\t\t\t\t\t\t<div class=\"elementor-element elementor-element-6cca694 elementor-widget elementor-widget-text-editor\" data-id=\"6cca694\" data-element_type=\"widget\" data-widget_type=\"text-editor.default\">\n\t\t\t\t<div class=\"elementor-widget-container\">\n\t\t\t\t\t\t\t<p><span style=\"text-decoration: underline;\"><strong><em>Elle a pour mission\u00a0: <\/em><\/strong><\/span><\/p>\n<ul>\n<li>Notre principale mission est de r\u00e9pondre aux besoins sp\u00e9cifiques de la communaut\u00e9 universitaire en rendant la documentation rapidement disponible et facile d\u2019acc\u00e8s.<\/li>\n<li>Conservation et valorisation des collections.<\/li>\n<li>Enrichissement et d\u00e9veloppement des collections \u00a0notamment num\u00e9riques.<\/li>\n<li>Collaboration avec les diff\u00e9rents op\u00e9rateurs nationaux tels que <strong>PNST, CCDZ \u2026<\/strong><\/li>\n<\/ul>\t\t\t\t\t\t<\/div>\n\t\t\t\t<\/div>\n\t\t\t\t\t<\/div>\n\t\t<\/div>\n\t\t\t\t\t\t\t<\/div>\n\t\t<\/section>\n\t\t\t\t\t\t\t<\/div>\n\t\t","protected":false},"excerpt":{"rendered":"<p>HISTORIQUE ET PR\u00c9SENTATION La biblioth\u00e8que de l\u2019Ecole Nationale Polytechnique a exist\u00e9 depuis la cr\u00e9ation de l\u2019\u00e9cole en 1925. Elle conserve d\u2019importantes collections de fonds anciens d\u2019une grande raret\u00e9, elle se trouvait dans des locaux am\u00e9nag\u00e9s. En d\u00e9cembre 2005, elle a&#8230;<\/p>\n","protected":false},"author":1,"featured_media":0,"parent":0,"menu_order":0,"comment_status":"closed","ping_status":"closed","template":"elementor_header_footer","meta":{"footnotes":""},"class_list":["post-2421","page","type-page","status-publish","hentry"],"_links":{"self":[{"href":"https:\/\/biblio.enp.edu.dz\/index.php\/wp-json\/wp\/v2\/pages\/2421","targetHints":{"allow":["GET"]}}],"collection":[{"href":"https:\/\/biblio.enp.edu.dz\/index.php\/wp-json\/wp\/v2\/pages"}],"about":[{"href":"https:\/\/biblio.enp.edu.dz\/index.php\/wp-json\/wp\/v2\/types\/page"}],"author":[{"embeddable":true,"href":"https:\/\/biblio.enp.edu.dz\/index.php\/wp-json\/wp\/v2\/users\/1"}],"replies":[{"embeddable":true,"href":"https:\/\/biblio.enp.edu.dz\/index.php\/wp-json\/wp\/v2\/comments?post=2421"}],"version-history":[{"count":11,"href":"https:\/\/biblio.enp.edu.dz\/index.php\/wp-json\/wp\/v2\/pages\/2421\/revisions"}],"predecessor-version":[{"id":7061,"href":"https:\/\/biblio.enp.edu.dz\/index.php\/wp-json\/wp\/v2\/pages\/2421\/revisions\/7061"}],"wp:attachment":[{"href":"https:\/\/biblio.enp.edu.dz\/index.php\/wp-json\/wp\/v2\/media?parent=2421"}],"curies":[{"name":"wp","href":"https:\/\/api.w.org\/{rel}","templated":true}]}}