{"id":2688,"date":"2020-12-03T09:23:50","date_gmt":"2020-12-03T08:23:50","guid":{"rendered":"https:\/\/biblio.enp.edu.dz\/?page_id=2688"},"modified":"2021-05-27T11:06:57","modified_gmt":"2021-05-27T09:06:57","slug":"organigramme","status":"publish","type":"page","link":"https:\/\/biblio.enp.edu.dz\/index.php\/fr\/organigramme\/","title":{"rendered":"ORGANIGRAMME"},"content":{"rendered":"\t\t<div data-elementor-type=\"wp-post\" data-elementor-id=\"2688\" class=\"elementor elementor-2688\">\n\t\t\t\t\t\t\t\t\t<section class=\"elementor-section elementor-top-section elementor-element elementor-element-3b1edc25 elementor-section-content-middle elementor-section-boxed elementor-section-height-default elementor-section-height-default\" data-id=\"3b1edc25\" data-element_type=\"section\" data-settings=\"{&quot;background_background&quot;:&quot;classic&quot;}\">\n\t\t\t\t\t\t\t<div class=\"elementor-background-overlay\"><\/div>\n\t\t\t\t\t\t\t<div class=\"elementor-container elementor-column-gap-wide\">\n\t\t\t\t\t<div class=\"elementor-column elementor-col-100 elementor-top-column elementor-element elementor-element-1a2b565a\" data-id=\"1a2b565a\" data-element_type=\"column\">\n\t\t\t<div class=\"elementor-widget-wrap elementor-element-populated\">\n\t\t\t\t\t\t\t\t<div class=\"elementor-element elementor-element-b1a2e68 elementor-widget elementor-widget-heading\" data-id=\"b1a2e68\" data-element_type=\"widget\" data-widget_type=\"heading.default\">\n\t\t\t\t<div class=\"elementor-widget-container\">\n\t\t\t<h1 class=\"elementor-heading-title elementor-size-default\">ORGANIGRAMME<\/h1>\t\t<\/div>\n\t\t\t\t<\/div>\n\t\t\t\t\t<\/div>\n\t\t<\/div>\n\t\t\t\t\t\t\t<\/div>\n\t\t<\/section>\n\t\t\t\t<section class=\"elementor-section elementor-top-section elementor-element elementor-element-7d16f48 elementor-section-boxed elementor-section-height-default elementor-section-height-default\" data-id=\"7d16f48\" data-element_type=\"section\">\n\t\t\t\t\t\t<div class=\"elementor-container elementor-column-gap-default\">\n\t\t\t\t\t<div class=\"elementor-column elementor-col-100 elementor-top-column elementor-element elementor-element-2fe997c\" data-id=\"2fe997c\" data-element_type=\"column\">\n\t\t\t<div class=\"elementor-widget-wrap elementor-element-populated\">\n\t\t\t\t\t\t\t\t<div class=\"elementor-element elementor-element-2356baa elementor-widget elementor-widget-spacer\" data-id=\"2356baa\" data-element_type=\"widget\" data-widget_type=\"spacer.default\">\n\t\t\t\t<div class=\"elementor-widget-container\">\n\t\t\t\t\t<div class=\"elementor-spacer\">\n\t\t\t<div class=\"elementor-spacer-inner\"><\/div>\n\t\t<\/div>\n\t\t\t\t<\/div>\n\t\t\t\t<\/div>\n\t\t\t\t<div class=\"elementor-element elementor-element-c0d6e37 elementor-widget elementor-widget-text-editor\" data-id=\"c0d6e37\" data-element_type=\"widget\" data-widget_type=\"text-editor.default\">\n\t\t\t\t<div class=\"elementor-widget-container\">\n\t\t\t\t\t\t\t<p><em><strong>L<\/strong><\/em>a Biblioth\u00e8que de l\u2019Ecole Nationale Polytechnique\u00a0 est plac\u00e9e sous l\u2019autorit\u00e9 directe du Directeur de l\u2019Ecole.<\/p><p><em><strong>C<\/strong><\/em>onform\u00e9ment \u00e0 l\u2019organigramme de l\u2019\u00e9cole hors universit\u00e9, la direction de la biblioth\u00e8que compte trois 3 services\u00a0:<\/p><ul><li>Service d\u2019Accueil et de l\u2019Orientation<strong>.<\/strong><\/li><li>Service d\u2019Acquisition et du Traitement.\u00a0<\/li><li>Service de la Recherche Bibliographique.<\/li><\/ul>\t\t\t\t\t\t<\/div>\n\t\t\t\t<\/div>\n\t\t\t\t<div class=\"elementor-element elementor-element-6acfa61 elementor-widget elementor-widget-image\" data-id=\"6acfa61\" data-element_type=\"widget\" data-widget_type=\"image.default\">\n\t\t\t\t<div class=\"elementor-widget-container\">\n\t\t\t\t\t\t\t\t\t\t\t\t\t\t\t<img fetchpriority=\"high\" decoding=\"async\" width=\"602\" height=\"200\" src=\"https:\/\/biblio.enp.edu.dz\/wp-content\/uploads\/2020\/12\/ORGANIGRAMME-BIBLIOTHEQUE.png\" class=\"attachment-large size-large wp-image-2690\" alt=\"\" srcset=\"https:\/\/biblio.enp.edu.dz\/wp-content\/uploads\/2020\/12\/ORGANIGRAMME-BIBLIOTHEQUE.png 602w, https:\/\/biblio.enp.edu.dz\/wp-content\/uploads\/2020\/12\/ORGANIGRAMME-BIBLIOTHEQUE-300x100.png 300w\" sizes=\"(max-width: 602px) 100vw, 602px\" \/>\t\t\t\t\t\t\t\t\t\t\t\t\t\t\t<\/div>\n\t\t\t\t<\/div>\n\t\t\t\t\t<\/div>\n\t\t<\/div>\n\t\t\t\t\t\t\t<\/div>\n\t\t<\/section>\n\t\t\t\t\t\t\t<\/div>\n\t\t","protected":false},"excerpt":{"rendered":"<p>ORGANIGRAMME La Biblioth\u00e8que de l\u2019Ecole Nationale Polytechnique\u00a0 est plac\u00e9e sous l\u2019autorit\u00e9 directe du Directeur de l\u2019Ecole. Conform\u00e9ment \u00e0 l\u2019organigramme de l\u2019\u00e9cole hors universit\u00e9, la direction de la biblioth\u00e8que compte trois 3 services\u00a0: Service d\u2019Accueil et de l\u2019Orientation. Service d\u2019Acquisition et&#8230;<\/p>\n","protected":false},"author":1,"featured_media":0,"parent":0,"menu_order":0,"comment_status":"closed","ping_status":"closed","template":"template-home.php","meta":{"footnotes":""},"class_list":["post-2688","page","type-page","status-publish","hentry"],"_links":{"self":[{"href":"https:\/\/biblio.enp.edu.dz\/index.php\/wp-json\/wp\/v2\/pages\/2688","targetHints":{"allow":["GET"]}}],"collection":[{"href":"https:\/\/biblio.enp.edu.dz\/index.php\/wp-json\/wp\/v2\/pages"}],"about":[{"href":"https:\/\/biblio.enp.edu.dz\/index.php\/wp-json\/wp\/v2\/types\/page"}],"author":[{"embeddable":true,"href":"https:\/\/biblio.enp.edu.dz\/index.php\/wp-json\/wp\/v2\/users\/1"}],"replies":[{"embeddable":true,"href":"https:\/\/biblio.enp.edu.dz\/index.php\/wp-json\/wp\/v2\/comments?post=2688"}],"version-history":[{"count":4,"href":"https:\/\/biblio.enp.edu.dz\/index.php\/wp-json\/wp\/v2\/pages\/2688\/revisions"}],"predecessor-version":[{"id":4498,"href":"https:\/\/biblio.enp.edu.dz\/index.php\/wp-json\/wp\/v2\/pages\/2688\/revisions\/4498"}],"wp:attachment":[{"href":"https:\/\/biblio.enp.edu.dz\/index.php\/wp-json\/wp\/v2\/media?parent=2688"}],"curies":[{"name":"wp","href":"https:\/\/api.w.org\/{rel}","templated":true}]}}