{"id":3382,"date":"2021-01-19T09:39:23","date_gmt":"2021-01-19T08:39:23","guid":{"rendered":"https:\/\/biblio.enp.edu.dz\/?page_id=3382"},"modified":"2023-04-11T11:13:33","modified_gmt":"2023-04-11T09:13:33","slug":"acces-aux-ressources-electroniques-2","status":"publish","type":"page","link":"https:\/\/biblio.enp.edu.dz\/index.php\/fr\/acces-aux-ressources-electroniques-2\/","title":{"rendered":"Acc\u00e8s aux ressources \u00e9lectroniques"},"content":{"rendered":"\t\t<div data-elementor-type=\"wp-page\" data-elementor-id=\"3382\" class=\"elementor elementor-3382\">\n\t\t\t\t\t\t\t\t\t<section class=\"elementor-section elementor-top-section elementor-element elementor-element-5de8e9a elementor-section-content-middle elementor-section-full_width elementor-section-height-default elementor-section-height-default\" data-id=\"5de8e9a\" data-element_type=\"section\" data-settings=\"{&quot;background_background&quot;:&quot;classic&quot;}\">\n\t\t\t\t\t\t\t<div class=\"elementor-background-overlay\"><\/div>\n\t\t\t\t\t\t\t<div class=\"elementor-container elementor-column-gap-wide\">\n\t\t\t\t\t<div class=\"elementor-column elementor-col-100 elementor-top-column elementor-element elementor-element-7bb986c1\" data-id=\"7bb986c1\" data-element_type=\"column\">\n\t\t\t<div class=\"elementor-widget-wrap elementor-element-populated\">\n\t\t\t\t\t\t\t\t<div class=\"elementor-element elementor-element-1013ae88 elementor-widget elementor-widget-heading\" data-id=\"1013ae88\" data-element_type=\"widget\" data-widget_type=\"heading.default\">\n\t\t\t\t<div class=\"elementor-widget-container\">\n\t\t\t<h1 class=\"elementor-heading-title elementor-size-default\">Acc\u00e8s aux ressources \u00e9lectroniques<\/h1>\t\t<\/div>\n\t\t\t\t<\/div>\n\t\t\t\t\t<\/div>\n\t\t<\/div>\n\t\t\t\t\t\t\t<\/div>\n\t\t<\/section>\n\t\t\t\t<section class=\"elementor-section elementor-top-section elementor-element elementor-element-b2ca337 elementor-section-boxed elementor-section-height-default elementor-section-height-default\" data-id=\"b2ca337\" data-element_type=\"section\">\n\t\t\t\t\t\t<div class=\"elementor-container elementor-column-gap-default\">\n\t\t\t\t\t<div class=\"elementor-column elementor-col-100 elementor-top-column elementor-element elementor-element-bfdd9f3\" data-id=\"bfdd9f3\" data-element_type=\"column\">\n\t\t\t<div class=\"elementor-widget-wrap elementor-element-populated\">\n\t\t\t\t\t\t\t\t<div class=\"elementor-element elementor-element-bfaa3b6 elementor-widget elementor-widget-text-editor\" data-id=\"bfaa3b6\" data-element_type=\"widget\" data-widget_type=\"text-editor.default\">\n\t\t\t\t<div class=\"elementor-widget-container\">\n\t\t\t\t\t\t\t<p>L&rsquo;acc\u00e8s aux ressources \u00e9lectroniques est r\u00e9serv\u00e9 aux \u00e9tudiants, aux enseignants et aux membres du personnel de l\u2019Ecole Nationale Polytechnique :<br \/>&#8211; Par authentification pour les bases de donn\u00e9s.<br \/>&#8211; Par intranet via les catalogues de la Biblioth\u00e8que.<\/p>\n<p>\u00a0<\/p>\n<p>\u00a0<\/p>\n<p>\u00a0<\/p>\t\t\t\t\t\t<\/div>\n\t\t\t\t<\/div>\n\t\t\t\t\t<\/div>\n\t\t<\/div>\n\t\t\t\t\t\t\t<\/div>\n\t\t<\/section>\n\t\t\t\t\t\t\t<\/div>\n\t\t","protected":false},"excerpt":{"rendered":"<p>Acc\u00e8s aux ressources \u00e9lectroniques L&rsquo;acc\u00e8s aux ressources \u00e9lectroniques est r\u00e9serv\u00e9 aux \u00e9tudiants, aux enseignants et aux membres du personnel de l\u2019Ecole Nationale Polytechnique : &#8211; Par authentification pour les bases de donn\u00e9s. &#8211; Par intranet via les catalogues de la&#8230;<\/p>\n","protected":false},"author":3,"featured_media":0,"parent":0,"menu_order":0,"comment_status":"closed","ping_status":"closed","template":"elementor_header_footer","meta":{"footnotes":""},"class_list":["post-3382","page","type-page","status-publish","hentry"],"_links":{"self":[{"href":"https:\/\/biblio.enp.edu.dz\/index.php\/wp-json\/wp\/v2\/pages\/3382","targetHints":{"allow":["GET"]}}],"collection":[{"href":"https:\/\/biblio.enp.edu.dz\/index.php\/wp-json\/wp\/v2\/pages"}],"about":[{"href":"https:\/\/biblio.enp.edu.dz\/index.php\/wp-json\/wp\/v2\/types\/page"}],"author":[{"embeddable":true,"href":"https:\/\/biblio.enp.edu.dz\/index.php\/wp-json\/wp\/v2\/users\/3"}],"replies":[{"embeddable":true,"href":"https:\/\/biblio.enp.edu.dz\/index.php\/wp-json\/wp\/v2\/comments?post=3382"}],"version-history":[{"count":14,"href":"https:\/\/biblio.enp.edu.dz\/index.php\/wp-json\/wp\/v2\/pages\/3382\/revisions"}],"predecessor-version":[{"id":6654,"href":"https:\/\/biblio.enp.edu.dz\/index.php\/wp-json\/wp\/v2\/pages\/3382\/revisions\/6654"}],"wp:attachment":[{"href":"https:\/\/biblio.enp.edu.dz\/index.php\/wp-json\/wp\/v2\/media?parent=3382"}],"curies":[{"name":"wp","href":"https:\/\/api.w.org\/{rel}","templated":true}]}}