{"id":3400,"date":"2021-01-19T09:53:51","date_gmt":"2021-01-19T08:53:51","guid":{"rendered":"https:\/\/biblio.enp.edu.dz\/?page_id=3400"},"modified":"2023-04-11T11:11:14","modified_gmt":"2023-04-11T09:11:14","slug":"compte-lecteur-2","status":"publish","type":"page","link":"https:\/\/biblio.enp.edu.dz\/index.php\/fr\/compte-lecteur-2\/","title":{"rendered":"Compte lecteur"},"content":{"rendered":"\t\t<div data-elementor-type=\"wp-page\" data-elementor-id=\"3400\" class=\"elementor elementor-3400\">\n\t\t\t\t\t\t\t\t\t<section class=\"elementor-section elementor-top-section elementor-element elementor-element-19dbcfc1 elementor-section-content-middle elementor-section-full_width elementor-section-height-default elementor-section-height-default\" data-id=\"19dbcfc1\" data-element_type=\"section\" data-settings=\"{&quot;background_background&quot;:&quot;classic&quot;}\">\n\t\t\t\t\t\t\t<div class=\"elementor-background-overlay\"><\/div>\n\t\t\t\t\t\t\t<div class=\"elementor-container elementor-column-gap-wide\">\n\t\t\t\t\t<div class=\"elementor-column elementor-col-100 elementor-top-column elementor-element elementor-element-a4a89bf\" data-id=\"a4a89bf\" data-element_type=\"column\">\n\t\t\t<div class=\"elementor-widget-wrap elementor-element-populated\">\n\t\t\t\t\t\t\t\t<div class=\"elementor-element elementor-element-298c3ca0 elementor-widget elementor-widget-heading\" data-id=\"298c3ca0\" data-element_type=\"widget\" data-widget_type=\"heading.default\">\n\t\t\t\t<div class=\"elementor-widget-container\">\n\t\t\t<h1 class=\"elementor-heading-title elementor-size-default\">Compte lecteur<\/h1>\t\t<\/div>\n\t\t\t\t<\/div>\n\t\t\t\t\t<\/div>\n\t\t<\/div>\n\t\t\t\t\t\t\t<\/div>\n\t\t<\/section>\n\t\t\t\t<section class=\"elementor-section elementor-top-section elementor-element elementor-element-6594527 elementor-section-boxed elementor-section-height-default elementor-section-height-default\" data-id=\"6594527\" data-element_type=\"section\">\n\t\t\t\t\t\t<div class=\"elementor-container elementor-column-gap-default\">\n\t\t\t\t\t<div class=\"elementor-column elementor-col-100 elementor-top-column elementor-element elementor-element-22e56e7\" data-id=\"22e56e7\" data-element_type=\"column\">\n\t\t\t<div class=\"elementor-widget-wrap elementor-element-populated\">\n\t\t\t\t\t\t\t\t<div class=\"elementor-element elementor-element-1b704ab elementor-widget elementor-widget-text-editor\" data-id=\"1b704ab\" data-element_type=\"widget\" data-widget_type=\"text-editor.default\">\n\t\t\t\t<div class=\"elementor-widget-container\">\n\t\t\t\t\t\t\t<p>Apr\u00e8s inscription, un compte lecteur est attribu\u00e9 vous permettant d\u2019acc\u00e9der \u00e0 certains services comme le suivi de vos pr\u00eats et de vos suggestions.<\/p>\n<p>\u00a0<\/p>\n<p>\u00a0<\/p>\n<p>\u00a0<\/p>\t\t\t\t\t\t<\/div>\n\t\t\t\t<\/div>\n\t\t\t\t\t<\/div>\n\t\t<\/div>\n\t\t\t\t\t\t\t<\/div>\n\t\t<\/section>\n\t\t\t\t\t\t\t<\/div>\n\t\t","protected":false},"excerpt":{"rendered":"<p>Compte lecteur Apr\u00e8s inscription, un compte lecteur est attribu\u00e9 vous permettant d\u2019acc\u00e9der \u00e0 certains services comme le suivi de vos pr\u00eats et de vos suggestions.<\/p>\n","protected":false},"author":3,"featured_media":0,"parent":0,"menu_order":0,"comment_status":"closed","ping_status":"closed","template":"elementor_header_footer","meta":{"footnotes":""},"class_list":["post-3400","page","type-page","status-publish","hentry"],"_links":{"self":[{"href":"https:\/\/biblio.enp.edu.dz\/index.php\/wp-json\/wp\/v2\/pages\/3400","targetHints":{"allow":["GET"]}}],"collection":[{"href":"https:\/\/biblio.enp.edu.dz\/index.php\/wp-json\/wp\/v2\/pages"}],"about":[{"href":"https:\/\/biblio.enp.edu.dz\/index.php\/wp-json\/wp\/v2\/types\/page"}],"author":[{"embeddable":true,"href":"https:\/\/biblio.enp.edu.dz\/index.php\/wp-json\/wp\/v2\/users\/3"}],"replies":[{"embeddable":true,"href":"https:\/\/biblio.enp.edu.dz\/index.php\/wp-json\/wp\/v2\/comments?post=3400"}],"version-history":[{"count":8,"href":"https:\/\/biblio.enp.edu.dz\/index.php\/wp-json\/wp\/v2\/pages\/3400\/revisions"}],"predecessor-version":[{"id":6643,"href":"https:\/\/biblio.enp.edu.dz\/index.php\/wp-json\/wp\/v2\/pages\/3400\/revisions\/6643"}],"wp:attachment":[{"href":"https:\/\/biblio.enp.edu.dz\/index.php\/wp-json\/wp\/v2\/media?parent=3400"}],"curies":[{"name":"wp","href":"https:\/\/api.w.org\/{rel}","templated":true}]}}