{"id":3408,"date":"2021-01-19T10:02:49","date_gmt":"2021-01-19T09:02:49","guid":{"rendered":"https:\/\/biblio.enp.edu.dz\/?page_id=3408"},"modified":"2023-04-11T10:44:46","modified_gmt":"2023-04-11T08:44:46","slug":"depot-electronique-de-these-memoire","status":"publish","type":"page","link":"https:\/\/biblio.enp.edu.dz\/index.php\/fr\/depot-electronique-de-these-memoire\/","title":{"rendered":"D\u00e9p\u00f4t \u00e9lectronique de th\u00e8se \/ m\u00e9moire"},"content":{"rendered":"\t\t<div data-elementor-type=\"wp-page\" data-elementor-id=\"3408\" class=\"elementor elementor-3408\">\n\t\t\t\t\t\t\t\t\t<section class=\"elementor-section elementor-top-section elementor-element elementor-element-a115d39 elementor-section-content-middle elementor-section-full_width elementor-section-height-default elementor-section-height-default\" data-id=\"a115d39\" data-element_type=\"section\" data-settings=\"{&quot;background_background&quot;:&quot;classic&quot;}\">\n\t\t\t\t\t\t\t<div class=\"elementor-background-overlay\"><\/div>\n\t\t\t\t\t\t\t<div class=\"elementor-container elementor-column-gap-wide\">\n\t\t\t\t\t<div class=\"elementor-column elementor-col-100 elementor-top-column elementor-element elementor-element-12cbcd25\" data-id=\"12cbcd25\" data-element_type=\"column\">\n\t\t\t<div class=\"elementor-widget-wrap elementor-element-populated\">\n\t\t\t\t\t\t\t\t<div class=\"elementor-element elementor-element-5a2745a5 elementor-widget elementor-widget-heading\" data-id=\"5a2745a5\" data-element_type=\"widget\" data-widget_type=\"heading.default\">\n\t\t\t\t<div class=\"elementor-widget-container\">\n\t\t\t<h1 class=\"elementor-heading-title elementor-size-default\">D\u00e9p\u00f4t \u00e9lectronique de th\u00e8se \/ m\u00e9moire<\/h1>\t\t<\/div>\n\t\t\t\t<\/div>\n\t\t\t\t\t<\/div>\n\t\t<\/div>\n\t\t\t\t\t\t\t<\/div>\n\t\t<\/section>\n\t\t\t\t<section class=\"elementor-section elementor-top-section elementor-element elementor-element-419332b6 elementor-section-boxed elementor-section-height-default elementor-section-height-default\" data-id=\"419332b6\" data-element_type=\"section\">\n\t\t\t\t\t\t<div class=\"elementor-container elementor-column-gap-default\">\n\t\t\t\t\t<div class=\"elementor-column elementor-col-100 elementor-top-column elementor-element elementor-element-1b89652\" data-id=\"1b89652\" data-element_type=\"column\">\n\t\t\t<div class=\"elementor-widget-wrap elementor-element-populated\">\n\t\t\t\t\t\t\t\t<div class=\"elementor-element elementor-element-c2f609c elementor-widget elementor-widget-text-editor\" data-id=\"c2f609c\" data-element_type=\"widget\" data-widget_type=\"text-editor.default\">\n\t\t\t\t<div class=\"elementor-widget-container\">\n\t\t\t\t\t\t\t<p>Le d\u00e9p\u00f4t du m\u00e9moire\/ de la th\u00e8se est obligatoire. Il se fait apr\u00e8s soutenance, correction et validation par les membres du jury.<br>Depuis 2019, la Biblioth\u00e8que de l\u2019Ecole Nationale Polytechnique a adopt\u00e9 un d\u00e9p\u00f4t \u00e9lectronique des m\u00e9moires et th\u00e8ses.<br>Pour les th\u00e8ses de doctorat le d\u00e9p\u00f4t est mixte (papier et format \u00e9lectronique PDF) ; outre le d\u00e9p\u00f4t \u00e9lectronique ; l\u2019\u00e9tudiant doit d\u00e9poser un exemplaire de sa th\u00e8se en format papier.<\/p><p><br><\/p><p><br><\/p><p><br><\/p>\t\t\t\t\t\t<\/div>\n\t\t\t\t<\/div>\n\t\t\t\t\t<\/div>\n\t\t<\/div>\n\t\t\t\t\t\t\t<\/div>\n\t\t<\/section>\n\t\t\t\t\t\t\t<\/div>\n\t\t","protected":false},"excerpt":{"rendered":"<p>D\u00e9p\u00f4t \u00e9lectronique de th\u00e8se \/ m\u00e9moire Le d\u00e9p\u00f4t du m\u00e9moire\/ de la th\u00e8se est obligatoire. Il se fait apr\u00e8s soutenance, correction et validation par les membres du jury.Depuis 2019, la Biblioth\u00e8que de l\u2019Ecole Nationale Polytechnique a adopt\u00e9 un d\u00e9p\u00f4t \u00e9lectronique&#8230;<\/p>\n","protected":false},"author":3,"featured_media":0,"parent":0,"menu_order":0,"comment_status":"closed","ping_status":"closed","template":"elementor_header_footer","meta":{"footnotes":""},"class_list":["post-3408","page","type-page","status-publish","hentry"],"_links":{"self":[{"href":"https:\/\/biblio.enp.edu.dz\/index.php\/wp-json\/wp\/v2\/pages\/3408","targetHints":{"allow":["GET"]}}],"collection":[{"href":"https:\/\/biblio.enp.edu.dz\/index.php\/wp-json\/wp\/v2\/pages"}],"about":[{"href":"https:\/\/biblio.enp.edu.dz\/index.php\/wp-json\/wp\/v2\/types\/page"}],"author":[{"embeddable":true,"href":"https:\/\/biblio.enp.edu.dz\/index.php\/wp-json\/wp\/v2\/users\/3"}],"replies":[{"embeddable":true,"href":"https:\/\/biblio.enp.edu.dz\/index.php\/wp-json\/wp\/v2\/comments?post=3408"}],"version-history":[{"count":7,"href":"https:\/\/biblio.enp.edu.dz\/index.php\/wp-json\/wp\/v2\/pages\/3408\/revisions"}],"predecessor-version":[{"id":6569,"href":"https:\/\/biblio.enp.edu.dz\/index.php\/wp-json\/wp\/v2\/pages\/3408\/revisions\/6569"}],"wp:attachment":[{"href":"https:\/\/biblio.enp.edu.dz\/index.php\/wp-json\/wp\/v2\/media?parent=3408"}],"curies":[{"name":"wp","href":"https:\/\/api.w.org\/{rel}","templated":true}]}}