{"id":3414,"date":"2021-01-19T10:07:25","date_gmt":"2021-01-19T09:07:25","guid":{"rendered":"https:\/\/biblio.enp.edu.dz\/?page_id=3414"},"modified":"2023-04-11T11:12:12","modified_gmt":"2023-04-11T09:12:12","slug":"formation-des-utilisateurs-2","status":"publish","type":"page","link":"https:\/\/biblio.enp.edu.dz\/index.php\/fr\/formation-des-utilisateurs-2\/","title":{"rendered":"Formation des utilisateurs"},"content":{"rendered":"\t\t<div data-elementor-type=\"wp-page\" data-elementor-id=\"3414\" class=\"elementor elementor-3414\">\n\t\t\t\t\t\t\t\t\t<section class=\"elementor-section elementor-top-section elementor-element elementor-element-39c6496b elementor-section-content-middle elementor-section-full_width elementor-section-height-default elementor-section-height-default\" data-id=\"39c6496b\" data-element_type=\"section\" data-settings=\"{&quot;background_background&quot;:&quot;classic&quot;}\">\n\t\t\t\t\t\t\t<div class=\"elementor-background-overlay\"><\/div>\n\t\t\t\t\t\t\t<div class=\"elementor-container elementor-column-gap-wide\">\n\t\t\t\t\t<div class=\"elementor-column elementor-col-100 elementor-top-column elementor-element elementor-element-60ea0e57\" data-id=\"60ea0e57\" data-element_type=\"column\">\n\t\t\t<div class=\"elementor-widget-wrap elementor-element-populated\">\n\t\t\t\t\t\t\t\t<div class=\"elementor-element elementor-element-73f56ee4 elementor-widget elementor-widget-heading\" data-id=\"73f56ee4\" data-element_type=\"widget\" data-widget_type=\"heading.default\">\n\t\t\t\t<div class=\"elementor-widget-container\">\n\t\t\t<h1 class=\"elementor-heading-title elementor-size-default\">Formation des utilisateurs<\/h1>\t\t<\/div>\n\t\t\t\t<\/div>\n\t\t\t\t\t<\/div>\n\t\t<\/div>\n\t\t\t\t\t\t\t<\/div>\n\t\t<\/section>\n\t\t\t\t<section class=\"elementor-section elementor-top-section elementor-element elementor-element-1c683618 elementor-section-boxed elementor-section-height-default elementor-section-height-default\" data-id=\"1c683618\" data-element_type=\"section\">\n\t\t\t\t\t\t<div class=\"elementor-container elementor-column-gap-default\">\n\t\t\t\t\t<div class=\"elementor-column elementor-col-100 elementor-top-column elementor-element elementor-element-49e11f1a\" data-id=\"49e11f1a\" data-element_type=\"column\">\n\t\t\t<div class=\"elementor-widget-wrap elementor-element-populated\">\n\t\t\t\t\t\t\t\t<div class=\"elementor-element elementor-element-1f0cac7 elementor-widget elementor-widget-text-editor\" data-id=\"1f0cac7\" data-element_type=\"widget\" data-widget_type=\"text-editor.default\">\n\t\t\t\t<div class=\"elementor-widget-container\">\n\t\t\t\t\t\t\t<p>La biblioth\u00e8que offre des formations aux bases de donn\u00e9s tel que : le <a href=\"https:\/\/sndl.cerist.dz\/\" target=\"_blank\" rel=\"noopener\">SNDL<\/a>, le <a href=\"http:\/\/pnst.cerist.dz\/\" target=\"_blank\" rel=\"noopener\">PNST<\/a>, et le <a href=\"https:\/\/www.ccdz.cerist.dz\/\" target=\"_blank\" rel=\"noopener\">CCDZ<\/a>, En vu de familiariser les usagers, en particulier les \u00e9tudiants, \u00e0 mieux utiliser les ressources de la biblioth\u00e8que.<\/p><p><br><\/p><p><br><\/p><p><br><\/p>\t\t\t\t\t\t<\/div>\n\t\t\t\t<\/div>\n\t\t\t\t\t<\/div>\n\t\t<\/div>\n\t\t\t\t\t\t\t<\/div>\n\t\t<\/section>\n\t\t\t\t\t\t\t<\/div>\n\t\t","protected":false},"excerpt":{"rendered":"<p>Formation des utilisateurs La biblioth\u00e8que offre des formations aux bases de donn\u00e9s tel que : le SNDL, le PNST, et le CCDZ, En vu de familiariser les usagers, en particulier les \u00e9tudiants, \u00e0 mieux utiliser les ressources de la biblioth\u00e8que.<\/p>\n","protected":false},"author":3,"featured_media":0,"parent":0,"menu_order":0,"comment_status":"closed","ping_status":"closed","template":"elementor_header_footer","meta":{"footnotes":""},"class_list":["post-3414","page","type-page","status-publish","hentry"],"_links":{"self":[{"href":"https:\/\/biblio.enp.edu.dz\/index.php\/wp-json\/wp\/v2\/pages\/3414","targetHints":{"allow":["GET"]}}],"collection":[{"href":"https:\/\/biblio.enp.edu.dz\/index.php\/wp-json\/wp\/v2\/pages"}],"about":[{"href":"https:\/\/biblio.enp.edu.dz\/index.php\/wp-json\/wp\/v2\/types\/page"}],"author":[{"embeddable":true,"href":"https:\/\/biblio.enp.edu.dz\/index.php\/wp-json\/wp\/v2\/users\/3"}],"replies":[{"embeddable":true,"href":"https:\/\/biblio.enp.edu.dz\/index.php\/wp-json\/wp\/v2\/comments?post=3414"}],"version-history":[{"count":8,"href":"https:\/\/biblio.enp.edu.dz\/index.php\/wp-json\/wp\/v2\/pages\/3414\/revisions"}],"predecessor-version":[{"id":6647,"href":"https:\/\/biblio.enp.edu.dz\/index.php\/wp-json\/wp\/v2\/pages\/3414\/revisions\/6647"}],"wp:attachment":[{"href":"https:\/\/biblio.enp.edu.dz\/index.php\/wp-json\/wp\/v2\/media?parent=3414"}],"curies":[{"name":"wp","href":"https:\/\/api.w.org\/{rel}","templated":true}]}}