{"id":3422,"date":"2021-01-19T10:11:06","date_gmt":"2021-01-19T09:11:06","guid":{"rendered":"https:\/\/biblio.enp.edu.dz\/?page_id=3422"},"modified":"2023-04-11T10:52:41","modified_gmt":"2023-04-11T08:52:41","slug":"pret-de-documents-3","status":"publish","type":"page","link":"https:\/\/biblio.enp.edu.dz\/index.php\/fr\/pret-de-documents-3\/","title":{"rendered":"Pr\u00eat de documents"},"content":{"rendered":"\t\t<div data-elementor-type=\"wp-page\" data-elementor-id=\"3422\" class=\"elementor elementor-3422\">\n\t\t\t\t\t\t\t\t\t<section class=\"elementor-section elementor-top-section elementor-element elementor-element-189bdf02 elementor-section-content-middle elementor-section-full_width elementor-section-height-default elementor-section-height-default\" data-id=\"189bdf02\" data-element_type=\"section\" data-settings=\"{&quot;background_background&quot;:&quot;classic&quot;}\">\n\t\t\t\t\t\t\t<div class=\"elementor-background-overlay\"><\/div>\n\t\t\t\t\t\t\t<div class=\"elementor-container elementor-column-gap-wide\">\n\t\t\t\t\t<div class=\"elementor-column elementor-col-100 elementor-top-column elementor-element elementor-element-411f81f8\" data-id=\"411f81f8\" data-element_type=\"column\">\n\t\t\t<div class=\"elementor-widget-wrap elementor-element-populated\">\n\t\t\t\t\t\t\t\t<div class=\"elementor-element elementor-element-b86f415 elementor-widget elementor-widget-heading\" data-id=\"b86f415\" data-element_type=\"widget\" data-widget_type=\"heading.default\">\n\t\t\t\t<div class=\"elementor-widget-container\">\n\t\t\t<h1 class=\"elementor-heading-title elementor-size-default\">Pr\u00eat de documents<\/h1>\t\t<\/div>\n\t\t\t\t<\/div>\n\t\t\t\t\t<\/div>\n\t\t<\/div>\n\t\t\t\t\t\t\t<\/div>\n\t\t<\/section>\n\t\t\t\t<section class=\"elementor-section elementor-top-section elementor-element elementor-element-1c17bd14 elementor-section-boxed elementor-section-height-default elementor-section-height-default\" data-id=\"1c17bd14\" data-element_type=\"section\">\n\t\t\t\t\t\t<div class=\"elementor-container elementor-column-gap-default\">\n\t\t\t\t\t<div class=\"elementor-column elementor-col-100 elementor-top-column elementor-element elementor-element-57aa9b64\" data-id=\"57aa9b64\" data-element_type=\"column\">\n\t\t\t<div class=\"elementor-widget-wrap elementor-element-populated\">\n\t\t\t\t\t\t\t\t<div class=\"elementor-element elementor-element-b48b7d3 elementor-widget elementor-widget-text-editor\" data-id=\"b48b7d3\" data-element_type=\"widget\" data-widget_type=\"text-editor.default\">\n\t\t\t\t<div class=\"elementor-widget-container\">\n\t\t\t\t\t\t\t<p><strong>Pour emprunter<\/strong>, il faut \u00eatre inscrit \u00e0 la biblioth\u00e8que. Les modalit\u00e9s sont diff\u00e9rentes selon votre profil.\u00a0<br \/>Le\u00a0<strong>pr\u00eat des documents<\/strong>\u00a0est effectu\u00e9 dans la biblioth\u00e8que \u00e0 la banque de pr\u00eat.<br \/>Le\u00a0<strong>retour des emprunts<\/strong>\u00a0doit s\u2019effectuer dans la biblioth\u00e8que.<\/p><p>(Tout d\u00e9lai de restitution non respect\u00e9 donnera lieu \u00e0 p\u00e9nalisation. Il sera appliqu\u00e9 une suspension de pr\u00eat \u00e9gale au nombre de jours de retard.)<\/p><p><a href=\"https:\/\/biblio.enp.edu.dz\/wp-content\/uploads\/2020\/12\/Reglement-annexe.pdf\" target=\"_blank\" rel=\"noopener\">\u00a0 Voir les modalit\u00e9s de pr\u00eat<\/a><\/p><p>\u00a0<\/p><p>\u00a0<\/p>\t\t\t\t\t\t<\/div>\n\t\t\t\t<\/div>\n\t\t\t\t\t<\/div>\n\t\t<\/div>\n\t\t\t\t\t\t\t<\/div>\n\t\t<\/section>\n\t\t\t\t\t\t\t<\/div>\n\t\t","protected":false},"excerpt":{"rendered":"<p>Pr\u00eat de documents Pour emprunter, il faut \u00eatre inscrit \u00e0 la biblioth\u00e8que. Les modalit\u00e9s sont diff\u00e9rentes selon votre profil.\u00a0Le\u00a0pr\u00eat des documents\u00a0est effectu\u00e9 dans la biblioth\u00e8que \u00e0 la banque de pr\u00eat.Le\u00a0retour des emprunts\u00a0doit s\u2019effectuer dans la biblioth\u00e8que. (Tout d\u00e9lai de restitution&#8230;<\/p>\n","protected":false},"author":3,"featured_media":0,"parent":0,"menu_order":0,"comment_status":"closed","ping_status":"closed","template":"elementor_header_footer","meta":{"footnotes":""},"class_list":["post-3422","page","type-page","status-publish","hentry"],"_links":{"self":[{"href":"https:\/\/biblio.enp.edu.dz\/index.php\/wp-json\/wp\/v2\/pages\/3422","targetHints":{"allow":["GET"]}}],"collection":[{"href":"https:\/\/biblio.enp.edu.dz\/index.php\/wp-json\/wp\/v2\/pages"}],"about":[{"href":"https:\/\/biblio.enp.edu.dz\/index.php\/wp-json\/wp\/v2\/types\/page"}],"author":[{"embeddable":true,"href":"https:\/\/biblio.enp.edu.dz\/index.php\/wp-json\/wp\/v2\/users\/3"}],"replies":[{"embeddable":true,"href":"https:\/\/biblio.enp.edu.dz\/index.php\/wp-json\/wp\/v2\/comments?post=3422"}],"version-history":[{"count":22,"href":"https:\/\/biblio.enp.edu.dz\/index.php\/wp-json\/wp\/v2\/pages\/3422\/revisions"}],"predecessor-version":[{"id":6592,"href":"https:\/\/biblio.enp.edu.dz\/index.php\/wp-json\/wp\/v2\/pages\/3422\/revisions\/6592"}],"wp:attachment":[{"href":"https:\/\/biblio.enp.edu.dz\/index.php\/wp-json\/wp\/v2\/media?parent=3422"}],"curies":[{"name":"wp","href":"https:\/\/api.w.org\/{rel}","templated":true}]}}