{"id":5464,"date":"2021-10-18T13:59:59","date_gmt":"2021-10-18T11:59:59","guid":{"rendered":"https:\/\/biblio.enp.edu.dz\/?page_id=5464"},"modified":"2024-09-22T15:19:38","modified_gmt":"2024-09-22T13:19:38","slug":"inscription-2","status":"publish","type":"page","link":"https:\/\/biblio.enp.edu.dz\/index.php\/fr\/inscription-2\/","title":{"rendered":"Inscription"},"content":{"rendered":"\t\t<div data-elementor-type=\"wp-page\" data-elementor-id=\"5464\" class=\"elementor elementor-5464\">\n\t\t\t\t\t\t\t\t\t<section class=\"elementor-section elementor-top-section elementor-element elementor-element-4846730b elementor-section-content-middle elementor-section-full_width elementor-section-height-default elementor-section-height-default\" data-id=\"4846730b\" data-element_type=\"section\" data-settings=\"{&quot;background_background&quot;:&quot;classic&quot;}\">\n\t\t\t\t\t\t\t<div class=\"elementor-background-overlay\"><\/div>\n\t\t\t\t\t\t\t<div class=\"elementor-container elementor-column-gap-wide\">\n\t\t\t\t\t<div class=\"elementor-column elementor-col-100 elementor-top-column elementor-element elementor-element-9fd49c9\" data-id=\"9fd49c9\" data-element_type=\"column\">\n\t\t\t<div class=\"elementor-widget-wrap elementor-element-populated\">\n\t\t\t\t\t\t\t\t<div class=\"elementor-element elementor-element-74f6a44d elementor-widget elementor-widget-heading\" data-id=\"74f6a44d\" data-element_type=\"widget\" data-widget_type=\"heading.default\">\n\t\t\t\t<div class=\"elementor-widget-container\">\n\t\t\t<h1 class=\"elementor-heading-title elementor-size-default\">INSCRIPTION<\/h1>\t\t<\/div>\n\t\t\t\t<\/div>\n\t\t\t\t\t<\/div>\n\t\t<\/div>\n\t\t\t\t\t\t\t<\/div>\n\t\t<\/section>\n\t\t\t\t<section class=\"elementor-section elementor-top-section elementor-element elementor-element-45fe79e9 elementor-section-boxed elementor-section-height-default elementor-section-height-default\" data-id=\"45fe79e9\" data-element_type=\"section\">\n\t\t\t\t\t\t<div class=\"elementor-container elementor-column-gap-default\">\n\t\t\t\t\t<div class=\"elementor-column elementor-col-100 elementor-top-column elementor-element elementor-element-3af94b63\" data-id=\"3af94b63\" data-element_type=\"column\">\n\t\t\t<div class=\"elementor-widget-wrap elementor-element-populated\">\n\t\t\t\t\t\t\t\t<div class=\"elementor-element elementor-element-3cbe64a1 elementor-widget elementor-widget-text-editor\" data-id=\"3cbe64a1\" data-element_type=\"widget\" data-widget_type=\"text-editor.default\">\n\t\t\t\t<div class=\"elementor-widget-container\">\n\t\t\t\t\t\t\t<!-- wp:themeisle-blocks\/advanced-columns {\"id\":\"wp-block-themeisle-blocks-advanced-columns-add57264\"} -->\n<div class=\"wp-block-themeisle-blocks-advanced-columns has-undefined-columns has-desktop-undefined-layout has-tablet-equal-layout has-mobile-equal-layout has-default-gap has-vertical-unset\" id=\"wp-block-themeisle-blocks-advanced-columns-add57264\"><div class=\"wp-block-themeisle-blocks-advanced-columns-overlay\"><\/div><div class=\"innerblocks-wrap\"><\/div><\/div>\n<!-- \/wp:themeisle-blocks\/advanced-columns -->\t\t\t\t\t\t<\/div>\n\t\t\t\t<\/div>\n\t\t\t\t\t<\/div>\n\t\t<\/div>\n\t\t\t\t\t\t\t<\/div>\n\t\t<\/section>\n\t\t\t\t<section class=\"elementor-section elementor-top-section elementor-element elementor-element-5a8548e3 elementor-section-boxed elementor-section-height-default elementor-section-height-default\" data-id=\"5a8548e3\" data-element_type=\"section\">\n\t\t\t\t\t\t<div class=\"elementor-container elementor-column-gap-default\">\n\t\t\t\t\t<div class=\"elementor-column elementor-col-100 elementor-top-column elementor-element elementor-element-17edf0c4\" data-id=\"17edf0c4\" data-element_type=\"column\">\n\t\t\t<div class=\"elementor-widget-wrap elementor-element-populated\">\n\t\t\t\t\t\t\t\t<div class=\"elementor-element elementor-element-5fe0b656 elementor-widget elementor-widget-heading\" data-id=\"5fe0b656\" data-element_type=\"widget\" data-widget_type=\"heading.default\">\n\t\t\t\t<div class=\"elementor-widget-container\">\n\t\t\t<h2 class=\"elementor-heading-title elementor-size-default\">Nouvelle Inscription<\/h2>\t\t<\/div>\n\t\t\t\t<\/div>\n\t\t\t\t<div class=\"elementor-element elementor-element-63e843eb elementor-widget-divider--view-line elementor-widget elementor-widget-divider\" data-id=\"63e843eb\" data-element_type=\"widget\" data-widget_type=\"divider.default\">\n\t\t\t\t<div class=\"elementor-widget-container\">\n\t\t\t\t\t<div class=\"elementor-divider\">\n\t\t\t<span class=\"elementor-divider-separator\">\n\t\t\t\t\t\t<\/span>\n\t\t<\/div>\n\t\t\t\t<\/div>\n\t\t\t\t<\/div>\n\t\t\t\t<div class=\"elementor-element elementor-element-7ea5d68e elementor-widget elementor-widget-text-editor\" data-id=\"7ea5d68e\" data-element_type=\"widget\" data-widget_type=\"text-editor.default\">\n\t\t\t\t<div class=\"elementor-widget-container\">\n\t\t\t\t\t\t\t<p>Les documents \u00e0 fournir :<\/p>\n<ul>\n<li>01 Photo. <strong>(<\/strong><b><u>scann\u00e9e sur le formulaire d&rsquo;inscription)<\/u><\/b><\/li>\n<li>Le formulaire d\u00fbment rempli, enregistr\u00e9 comme suit:\u00a0<strong>NOM.Pr\u00e9nom<\/strong>\u00a0et envoy\u00e9 par e-mail a l\u2019adresse suivante:\u00a0<strong><a href=\"mailto:inscription.biblio@g.enp.edu.dz\">inscription.biblio@g.enp.edu.dz<\/a><\/strong><\/li>\n<li><strong><a href=\"https:\/\/biblio.enp.edu.dz\/wp-content\/uploads\/2024\/09\/FICHE_DE_LECTEUR.docx\" target=\"_blank\" rel=\"noopener\">T\u00e9l\u00e9charger le formulaire d\u2019inscription<\/a><\/strong><\/li>\n<\/ul>\n<p>Se pr\u00e9senter \u00e0 la Biblioth\u00e8que:<\/p>\n<ul>\n<li>Pour les Etudiants de\u00a0<strong>1<sup>\u00e8re<\/sup>\u00a0et 2<sup>\u00e8me<\/sup>\u00a0Ann\u00e9e CPST\u00a0<\/strong><strong><strong><strong>au niveau de la banque de pr\u00eat du Rez-de-Chauss\u00e9e<\/strong><\/strong><\/strong><\/li>\n<li>Pour les Etudiants\u00a0<strong>en Sp\u00e9cialit\u00e9 au niveau de la banque de pr\u00eat au 1er \u00e9tage<\/strong><\/li>\n<\/ul>\t\t\t\t\t\t<\/div>\n\t\t\t\t<\/div>\n\t\t\t\t\t<\/div>\n\t\t<\/div>\n\t\t\t\t\t\t\t<\/div>\n\t\t<\/section>\n\t\t\t\t\t\t\t<\/div>\n\t\t","protected":false},"excerpt":{"rendered":"<p>INSCRIPTION Nouvelle Inscription Les documents \u00e0 fournir : 01 Photo. (scann\u00e9e sur le formulaire d&rsquo;inscription) Le formulaire d\u00fbment rempli, enregistr\u00e9 comme suit:\u00a0NOM.Pr\u00e9nom\u00a0et envoy\u00e9 par e-mail a l\u2019adresse suivante:\u00a0inscription.biblio@g.enp.edu.dz T\u00e9l\u00e9charger le formulaire d\u2019inscription Se pr\u00e9senter \u00e0 la Biblioth\u00e8que: Pour les Etudiants&#8230;<\/p>\n","protected":false},"author":3,"featured_media":0,"parent":0,"menu_order":0,"comment_status":"closed","ping_status":"closed","template":"elementor_header_footer","meta":{"footnotes":""},"class_list":["post-5464","page","type-page","status-publish","hentry"],"_links":{"self":[{"href":"https:\/\/biblio.enp.edu.dz\/index.php\/wp-json\/wp\/v2\/pages\/5464","targetHints":{"allow":["GET"]}}],"collection":[{"href":"https:\/\/biblio.enp.edu.dz\/index.php\/wp-json\/wp\/v2\/pages"}],"about":[{"href":"https:\/\/biblio.enp.edu.dz\/index.php\/wp-json\/wp\/v2\/types\/page"}],"author":[{"embeddable":true,"href":"https:\/\/biblio.enp.edu.dz\/index.php\/wp-json\/wp\/v2\/users\/3"}],"replies":[{"embeddable":true,"href":"https:\/\/biblio.enp.edu.dz\/index.php\/wp-json\/wp\/v2\/comments?post=5464"}],"version-history":[{"count":37,"href":"https:\/\/biblio.enp.edu.dz\/index.php\/wp-json\/wp\/v2\/pages\/5464\/revisions"}],"predecessor-version":[{"id":7844,"href":"https:\/\/biblio.enp.edu.dz\/index.php\/wp-json\/wp\/v2\/pages\/5464\/revisions\/7844"}],"wp:attachment":[{"href":"https:\/\/biblio.enp.edu.dz\/index.php\/wp-json\/wp\/v2\/media?parent=5464"}],"curies":[{"name":"wp","href":"https:\/\/api.w.org\/{rel}","templated":true}]}}