{"id":6344,"date":"2020-10-22T11:39:28","date_gmt":"2020-10-22T09:39:28","guid":{"rendered":"https:\/\/biblio.enp.edu.dz\/?page_id=6344"},"modified":"2023-02-20T10:15:57","modified_gmt":"2023-02-20T09:15:57","slug":"elementor-6344","status":"publish","type":"page","link":"https:\/\/biblio.enp.edu.dz\/index.php\/elementor-6344\/","title":{"rendered":"Elementor #6344"},"content":{"rendered":"\t\t<div data-elementor-type=\"wp-post\" data-elementor-id=\"6344\" class=\"elementor elementor-6344\">\n\t\t\t\t\t\t\t\t\t<section class=\"elementor-section elementor-top-section elementor-element elementor-element-2caa3855 elementor-section-content-middle elementor-section-full_width elementor-section-height-default elementor-section-height-default\" data-id=\"2caa3855\" data-element_type=\"section\" data-settings=\"{&quot;background_background&quot;:&quot;classic&quot;}\">\n\t\t\t\t\t\t\t<div class=\"elementor-background-overlay\"><\/div>\n\t\t\t\t\t\t\t<div class=\"elementor-container elementor-column-gap-wide\">\n\t\t\t\t\t<div class=\"elementor-column elementor-col-100 elementor-top-column elementor-element elementor-element-30891683\" data-id=\"30891683\" data-element_type=\"column\">\n\t\t\t<div class=\"elementor-widget-wrap elementor-element-populated\">\n\t\t\t\t\t\t\t\t<div class=\"elementor-element elementor-element-c8e7af3 elementor-widget elementor-widget-heading\" data-id=\"c8e7af3\" data-element_type=\"widget\" data-widget_type=\"heading.default\">\n\t\t\t\t<div class=\"elementor-widget-container\">\n\t\t\t<h2 class=\"elementor-heading-title elementor-size-default\">\u0625\u062c\u0631\u0627\u0621\u0627\u062a \u0648\u0637\u0631\u0642 \u062a\u0642\u062f\u064a\u0645 \u0627\u0644\u0631\u0633\u0627\u0626\u0644 \u0627\u0644\u062c\u0627\u0645\u0639\u064a\u0629 \u0648\u0627\u0644\u0623\u0637\u0631\u0648\u062d\u0627\u062a<\/h2>\t\t<\/div>\n\t\t\t\t<\/div>\n\t\t\t\t\t<\/div>\n\t\t<\/div>\n\t\t\t\t\t\t\t<\/div>\n\t\t<\/section>\n\t\t\t\t<section class=\"elementor-section elementor-top-section elementor-element elementor-element-5a688e0 elementor-section-boxed elementor-section-height-default elementor-section-height-default\" data-id=\"5a688e0\" data-element_type=\"section\">\n\t\t\t\t\t\t<div class=\"elementor-container elementor-column-gap-default\">\n\t\t\t\t\t<div class=\"elementor-column elementor-col-100 elementor-top-column elementor-element elementor-element-7b69786e\" data-id=\"7b69786e\" data-element_type=\"column\">\n\t\t\t<div class=\"elementor-widget-wrap elementor-element-populated\">\n\t\t\t\t\t\t\t\t<div class=\"elementor-element elementor-element-4882f6b elementor-widget elementor-widget-text-editor\" data-id=\"4882f6b\" data-element_type=\"widget\" data-widget_type=\"text-editor.default\">\n\t\t\t\t<div class=\"elementor-widget-container\">\n\t\t\t\t\t\t\t<!-- wp:themeisle-blocks\/advanced-columns {\"id\":\"wp-block-themeisle-blocks-advanced-columns-d961981b\"} -->\n<div class=\"wp-block-themeisle-blocks-advanced-columns has-undefined-columns has-desktop-undefined-layout has-tablet-equal-layout has-mobile-equal-layout has-default-gap has-vertical-unset\" id=\"wp-block-themeisle-blocks-advanced-columns-d961981b\"><div class=\"wp-block-themeisle-blocks-advanced-columns-overlay\"><\/div><div class=\"innerblocks-wrap\"><\/div><\/div>\n<!-- \/wp:themeisle-blocks\/advanced-columns -->\t\t\t\t\t\t<\/div>\n\t\t\t\t<\/div>\n\t\t\t\t\t<\/div>\n\t\t<\/div>\n\t\t\t\t\t\t\t<\/div>\n\t\t<\/section>\n\t\t\t\t<section class=\"elementor-section elementor-top-section elementor-element elementor-element-357d7d7 elementor-section-boxed elementor-section-height-default elementor-section-height-default\" data-id=\"357d7d7\" data-element_type=\"section\">\n\t\t\t\t\t\t<div class=\"elementor-container elementor-column-gap-default\">\n\t\t\t\t\t<div class=\"elementor-column elementor-col-100 elementor-top-column elementor-element elementor-element-a18b5d2\" data-id=\"a18b5d2\" data-element_type=\"column\">\n\t\t\t<div class=\"elementor-widget-wrap elementor-element-populated\">\n\t\t\t\t\t\t\t\t<div class=\"elementor-element elementor-element-3bd2155 elementor-widget elementor-widget-heading\" data-id=\"3bd2155\" data-element_type=\"widget\" data-widget_type=\"heading.default\">\n\t\t\t\t<div class=\"elementor-widget-container\">\n\t\t\t<h2 class=\"elementor-heading-title elementor-size-default\">D\u00c9P\u00d4T DES TH\u00c8SES ET M\u00c9MOIRES:<\/h2>\t\t<\/div>\n\t\t\t\t<\/div>\n\t\t\t\t<div class=\"elementor-element elementor-element-849bd63 elementor-widget-divider--view-line elementor-widget elementor-widget-divider\" data-id=\"849bd63\" data-element_type=\"widget\" data-widget_type=\"divider.default\">\n\t\t\t\t<div class=\"elementor-widget-container\">\n\t\t\t\t\t<div class=\"elementor-divider\">\n\t\t\t<span class=\"elementor-divider-separator\">\n\t\t\t\t\t\t<\/span>\n\t\t<\/div>\n\t\t\t\t<\/div>\n\t\t\t\t<\/div>\n\t\t\t\t<div class=\"elementor-element elementor-element-7447339 elementor-widget elementor-widget-text-editor\" data-id=\"7447339\" data-element_type=\"widget\" data-widget_type=\"text-editor.default\">\n\t\t\t\t<div class=\"elementor-widget-container\">\n\t\t\t\t\t\t\t<h4>Le d\u00e9p\u00f4t du m\u00e9moire ou th\u00e8se se fera apr\u00e8s soutenance, correction et validation par les membres du jury.<\/h4>\t\t\t\t\t\t<\/div>\n\t\t\t\t<\/div>\n\t\t\t\t\t<\/div>\n\t\t<\/div>\n\t\t\t\t\t\t\t<\/div>\n\t\t<\/section>\n\t\t\t\t<section class=\"elementor-section elementor-top-section elementor-element elementor-element-3338b18 elementor-section-boxed elementor-section-height-default elementor-section-height-default\" data-id=\"3338b18\" data-element_type=\"section\">\n\t\t\t\t\t\t<div class=\"elementor-container elementor-column-gap-default\">\n\t\t\t\t\t<div class=\"elementor-column elementor-col-100 elementor-top-column elementor-element elementor-element-40821c0\" data-id=\"40821c0\" data-element_type=\"column\">\n\t\t\t<div class=\"elementor-widget-wrap elementor-element-populated\">\n\t\t\t\t\t\t\t\t<div class=\"elementor-element elementor-element-ec3f569 elementor-widget elementor-widget-spacer\" data-id=\"ec3f569\" data-element_type=\"widget\" data-widget_type=\"spacer.default\">\n\t\t\t\t<div class=\"elementor-widget-container\">\n\t\t\t\t\t<div class=\"elementor-spacer\">\n\t\t\t<div class=\"elementor-spacer-inner\"><\/div>\n\t\t<\/div>\n\t\t\t\t<\/div>\n\t\t\t\t<\/div>\n\t\t\t\t<div class=\"elementor-element elementor-element-c3c6976 elementor-widget elementor-widget-heading\" data-id=\"c3c6976\" data-element_type=\"widget\" data-widget_type=\"heading.default\">\n\t\t\t\t<div class=\"elementor-widget-container\">\n\t\t\t<h2 class=\"elementor-heading-title elementor-size-default\">GUIDE DE PR\u00c9SENTATION DE TH\u00c8SES ET M\u00c9MOIRES:<\/h2>\t\t<\/div>\n\t\t\t\t<\/div>\n\t\t\t\t<div class=\"elementor-element elementor-element-7d3cd9f elementor-widget-divider--view-line elementor-widget elementor-widget-divider\" data-id=\"7d3cd9f\" data-element_type=\"widget\" data-widget_type=\"divider.default\">\n\t\t\t\t<div class=\"elementor-widget-container\">\n\t\t\t\t\t<div class=\"elementor-divider\">\n\t\t\t<span class=\"elementor-divider-separator\">\n\t\t\t\t\t\t<\/span>\n\t\t<\/div>\n\t\t\t\t<\/div>\n\t\t\t\t<\/div>\n\t\t\t\t<div class=\"elementor-element elementor-element-058ce57 elementor-widget elementor-widget-text-editor\" data-id=\"058ce57\" data-element_type=\"widget\" data-widget_type=\"text-editor.default\">\n\t\t\t\t<div class=\"elementor-widget-container\">\n\t\t\t\t\t\t\t<h4>La biblioth\u00e8que met a votre disposition le guide de pr\u00e9sentation de th\u00e8se et\u00a0 m\u00e9moire :<\/h4>\n<p><!-- \/wp:heading --><!-- wp:paragraph --><\/p>\n<p><a href=\"https:\/\/biblio.enp.edu.dz\/wp-content\/uploads\/2021\/06\/Guide-de-presentation-des-theses-et-memoires.pdf\" target=\"_blank\" rel=\"noopener\">1- Guide de pr\u00e9sentation des th\u00e8ses<\/a><\/p>\n<p><!-- \/wp:paragraph --><!-- wp:paragraph --><\/p>\n<p><a href=\"https:\/\/biblio.enp.edu.dz\/wp-content\/uploads\/2020\/06\/Mod\u00e8le_de_pr\u00e9sentation_de_th\u00e8ses_et_m\u00e9moires_2020.pdf\" target=\"_blank\" rel=\"noreferrer noopener\"> 2- Mod\u00e8le de pr\u00e9sentation th\u00e8se et m\u00e9moire<\/a><\/p>\n<p><!-- \/wp:paragraph --><!-- wp:paragraph --><\/p>\n<p><a href=\"https:\/\/biblio.enp.edu.dz\/wp-content\/uploads\/2020\/06\/Guide_de_pr\u00e9sentation_de_bibliographie.pdf\" target=\"_blank\" rel=\"noreferrer noopener\">3- Mod\u00e8le de pr\u00e9sentation de Bibliographie<\/a><\/p>\n<p><!-- \/wp:paragraph --><!-- wp:paragraph --><\/p>\n<p><a href=\"https:\/\/biblio.enp.edu.dz\/wp-content\/uploads\/2020\/02\/PG_1.pdf\" target=\"_blank\" rel=\"noreferrer noopener\" aria-label=\" 4- Page de garde mod\u00e8le 1 (opens in a new tab)\"> 4- Page de garde mod\u00e8le 1 <\/a><\/p>\n<p><!-- \/wp:paragraph --><!-- wp:paragraph --><\/p>\n<p><a href=\"https:\/\/biblio.enp.edu.dz\/wp-content\/uploads\/2020\/02\/PG_2.pdf\" target=\"_blank\" rel=\"noreferrer noopener\" aria-label=\"5- Page de garde mod\u00e8le 2 (opens in a new tab)\">5- Page de garde mod\u00e8le 2<\/a><\/p>\n<p><a href=\"https:\/\/biblio.enp.edu.dz\/wp-content\/uploads\/2021\/06\/Procedure-de-depot-electronique.pdf\" target=\"_blank\" rel=\"noopener\">Voir la proc\u00e9dure du d\u00e9p\u00f4t \u00e9lectronique.<\/a><\/p>\t\t\t\t\t\t<\/div>\n\t\t\t\t<\/div>\n\t\t\t\t\t<\/div>\n\t\t<\/div>\n\t\t\t\t\t\t\t<\/div>\n\t\t<\/section>\n\t\t\t\t\t\t\t<\/div>\n\t\t","protected":false},"excerpt":{"rendered":"<p>\u0625\u062c\u0631\u0627\u0621\u0627\u062a \u0648\u0637\u0631\u0642 \u062a\u0642\u062f\u064a\u0645 \u0627\u0644\u0631\u0633\u0627\u0626\u0644 \u0627\u0644\u062c\u0627\u0645\u0639\u064a\u0629 \u0648\u0627\u0644\u0623\u0637\u0631\u0648\u062d\u0627\u062a D\u00c9P\u00d4T DES TH\u00c8SES ET M\u00c9MOIRES: Le d\u00e9p\u00f4t du m\u00e9moire ou th\u00e8se se fera apr\u00e8s soutenance, correction et validation par les membres du jury. GUIDE DE PR\u00c9SENTATION DE TH\u00c8SES ET M\u00c9MOIRES: La biblioth\u00e8que met a&#8230;<\/p>\n","protected":false},"author":3,"featured_media":0,"parent":0,"menu_order":0,"comment_status":"closed","ping_status":"closed","template":"elementor_header_footer","meta":{"footnotes":""},"class_list":["post-6344","page","type-page","status-publish","hentry"],"_links":{"self":[{"href":"https:\/\/biblio.enp.edu.dz\/index.php\/wp-json\/wp\/v2\/pages\/6344","targetHints":{"allow":["GET"]}}],"collection":[{"href":"https:\/\/biblio.enp.edu.dz\/index.php\/wp-json\/wp\/v2\/pages"}],"about":[{"href":"https:\/\/biblio.enp.edu.dz\/index.php\/wp-json\/wp\/v2\/types\/page"}],"author":[{"embeddable":true,"href":"https:\/\/biblio.enp.edu.dz\/index.php\/wp-json\/wp\/v2\/users\/3"}],"replies":[{"embeddable":true,"href":"https:\/\/biblio.enp.edu.dz\/index.php\/wp-json\/wp\/v2\/comments?post=6344"}],"version-history":[{"count":4,"href":"https:\/\/biblio.enp.edu.dz\/index.php\/wp-json\/wp\/v2\/pages\/6344\/revisions"}],"predecessor-version":[{"id":6348,"href":"https:\/\/biblio.enp.edu.dz\/index.php\/wp-json\/wp\/v2\/pages\/6344\/revisions\/6348"}],"wp:attachment":[{"href":"https:\/\/biblio.enp.edu.dz\/index.php\/wp-json\/wp\/v2\/media?parent=6344"}],"curies":[{"name":"wp","href":"https:\/\/api.w.org\/{rel}","templated":true}]}}