{"id":6841,"date":"2023-05-21T10:36:21","date_gmt":"2023-05-21T08:36:21","guid":{"rendered":"https:\/\/biblio.enp.edu.dz\/?page_id=6841"},"modified":"2023-06-15T16:32:14","modified_gmt":"2023-06-15T14:32:14","slug":"le-premier-forum-international","status":"publish","type":"page","link":"https:\/\/biblio.enp.edu.dz\/index.php\/fr\/le-premier-forum-international\/","title":{"rendered":"Le premier forum international"},"content":{"rendered":"\t\t<div data-elementor-type=\"wp-page\" data-elementor-id=\"6841\" class=\"elementor elementor-6841\">\n\t\t\t\t\t\t\t\t\t<section class=\"elementor-section elementor-top-section elementor-element elementor-element-3893fc94 elementor-section-content-middle elementor-section-full_width elementor-section-height-default elementor-section-height-default\" data-id=\"3893fc94\" data-element_type=\"section\" data-settings=\"{&quot;background_background&quot;:&quot;classic&quot;}\">\n\t\t\t\t\t\t\t<div class=\"elementor-background-overlay\"><\/div>\n\t\t\t\t\t\t\t<div class=\"elementor-container elementor-column-gap-wide\">\n\t\t\t\t\t<div class=\"elementor-column elementor-col-100 elementor-top-column elementor-element elementor-element-6462d65b\" data-id=\"6462d65b\" data-element_type=\"column\">\n\t\t\t<div class=\"elementor-widget-wrap elementor-element-populated\">\n\t\t\t\t\t\t\t\t<div class=\"elementor-element elementor-element-169b2c9b elementor-widget elementor-widget-heading\" data-id=\"169b2c9b\" data-element_type=\"widget\" data-widget_type=\"heading.default\">\n\t\t\t\t<div class=\"elementor-widget-container\">\n\t\t\t<h1 class=\"elementor-heading-title elementor-size-default\">Le premier forum international<\/h1>\t\t<\/div>\n\t\t\t\t<\/div>\n\t\t\t\t\t<\/div>\n\t\t<\/div>\n\t\t\t\t\t\t\t<\/div>\n\t\t<\/section>\n\t\t\t\t<section class=\"elementor-section elementor-top-section elementor-element elementor-element-3ad4889 elementor-section-boxed elementor-section-height-default elementor-section-height-default\" data-id=\"3ad4889\" data-element_type=\"section\">\n\t\t\t\t\t\t<div class=\"elementor-container elementor-column-gap-default\">\n\t\t\t\t\t<div class=\"elementor-column elementor-col-100 elementor-top-column elementor-element elementor-element-a051205\" data-id=\"a051205\" data-element_type=\"column\">\n\t\t\t<div class=\"elementor-widget-wrap elementor-element-populated\">\n\t\t\t\t\t\t\t\t<div class=\"elementor-element elementor-element-f5b2de7 elementor-widget__width-initial elementor-widget elementor-widget-text-editor\" data-id=\"f5b2de7\" data-element_type=\"widget\" data-widget_type=\"text-editor.default\">\n\t\t\t\t<div class=\"elementor-widget-container\">\n\t\t\t\t\t\t\t<h5>\u00a0 1<sup>er<\/sup> Congr\u00e8s international\u00a0: Biblioth\u00e8ques universitaires incubateurs pour activer l\u2019enseignement \u00e0 distance en Alg\u00e9rie.<\/h5><p>\u00a0<\/p><h5>\u00a0 Sous le haut patronage de Monsieur le Ministre de l\u2019Enseignement Sup\u00e9rieur et de la Recherche Scientifique,\u00a0 Monsieur le Directeur de l\u2019Ecole Nationale Polytechnique, Madame la Directrice de la Biblioth\u00e8que, et Monsieur le Pr\u00e9sident du congr\u00e8s ; la biblioth\u00e8que de l\u2019Ecole Nationale Polytechnique d\u2019Alger a organis\u00e9 le 16 Mai 2023, le premier congr\u00e8s international intitul\u00e9 : <strong><em>Biblioth\u00e8ques universitaires incubateurs pour activer l\u2019enseignement \u00e0 distance en Alg\u00e9rie<\/em><\/strong>. En pr\u00e9sentiel et distanciel.\u00a0<\/h5><p>\u00a0<\/p><h5>\u00a0 La s\u00e9ance s\u2019est ouverte avec un mot de bienvenue de Monsieur le Professeur Abdelouahab Mekhaldi Directeur de l\u2019Ecole Nationale Polytechnique, suivi du mot de Madame Hafida Doura directrice de la Biblioth\u00e8que, puis celui de Monsieur le professeur Abdelhadi Mohamed pr\u00e9sident du congr\u00e8s.<\/h5><p>\u00a0<\/p><h5>\u00a0 Plusieurs conf\u00e9rences et interventions ont \u00e9t\u00e9 effectu\u00e9es par des enseignants et sp\u00e9cialistes en biblioth\u00e9conomie.<\/h5><p>\u00a0<\/p><h5>\u00a0 Le congr\u00e8s a permis d\u2019\u00e9changer les connaissances et les exp\u00e9riences entre les participants, et de renforcer la coop\u00e9ration entre les biblioth\u00e8ques universitaires en termes d\u2019enseignement \u00e0 distance. Le congr\u00e8s a permis aussi de confirmer le r\u00f4le des biblioth\u00e8ques universitaires en tant qu\u2019incubateurs en utilisant des m\u00e9thodes et technologies nouvelles pour un enseignement de qualit\u00e9 et durable.<\/h5><p>\u00a0<\/p><h5>\u00a0 Le congr\u00e8s s\u2019est conclu par une s\u00e9rie de recommandations.<\/h5><p>\u00a0<\/p><h5>\u00a0 Le comit\u00e9 de recommandations a propos\u00e9 d\u2019organiser un deuxi\u00e8me congr\u00e8s sous le titre : \u00ab <strong><em>Strat\u00e9gie d\u2019\u00e9laboration des d\u00e9p\u00f4ts institutionnels dans les syst\u00e8mes d\u2019enseignement sup\u00e9rieur\u00a0: r\u00e9alit\u00e9s et perspectives\u00a0<\/em><\/strong>\u00bb<\/h5><ul><li><h5><a href=\"https:\/\/biblio.enp.edu.dz\/wp-content\/uploads\/2023\/05\/\u0643\u0644\u0645\u0629-\u062a\u0631\u062d\u064a\u0628\u064a\u0629.pdf\" target=\"_blank\" rel=\"noopener\">Mot de bienvenue<\/a><\/h5><\/li><li><h5><a href=\"https:\/\/biblio.enp.edu.dz\/wp-content\/uploads\/2023\/05\/%D8%A7%D9%84%D9%85%D9%84%D8%AA%D9%82%D9%89-%D8%A7%D9%84%D8%AF%D9%88%D9%84%D9%8A-%D8%A7%D9%84%D8%A7%D9%88%D9%84-%D8%A7%D9%84%D9%85%D8%AF%D8%B1%D8%B3%D8%A9-%D8%A7%D9%84%D9%88%D8%B7%D9%86%D9%8A%D8%A9-%D8%A7%D9%84%D9%85%D8%AA%D8%B9%D8%AF%D8%AF%D8%A9-%D8%A7%D9%84%D8%AA%D9%82%D9%86%D9%8A%D8%A7%D8%AA2023.pdf\" target=\"_blank\" rel=\"noopener\"><span class=\"Y2IQFc\" lang=\"fr\">Le premier <\/span><span class=\"Y2IQFc\" lang=\"fr\">forum international :\u00a0 Biblioth\u00e8ques des \u00e9tablissements d&rsquo;enseignement sup\u00e9rieur &#8211; incubateurs pour activer l&rsquo;enseignement \u00e0 distance en Alg\u00e9rie &#8211; l&rsquo;Ecole Nationale Polytechnique 2023<\/span><\/a><\/h5><\/li><li><h5><a href=\"https:\/\/biblio.enp.edu.dz\/wp-content\/uploads\/2023\/05\/Depliant.pdf\" target=\"_blank\" rel=\"noopener\">D\u00e9pliant du congr\u00e8s<\/a><\/h5><\/li><li id=\"tw-target-text\" class=\"tw-data-text tw-text-large tw-ta\" dir=\"ltr\" data-placeholder=\"\u0627\u0644\u062a\u0631\u062c\u0645\u0629\"><h5><a href=\"https:\/\/biblio.enp.edu.dz\/wp-content\/uploads\/2023\/05\/%D8%AA%D9%88%D8%B5%D9%8A%D8%A7%D8%AA-%D8%A7%D9%84%D9%85%D9%84%D8%AA%D9%82%D9%89.pdf\" target=\"_blank\" rel=\"noopener\"><span class=\"Y2IQFc\" lang=\"fr\">Recommandations du congr\u00e8s<\/span><\/a>.<\/h5><\/li><\/ul>\t\t\t\t\t\t<\/div>\n\t\t\t\t<\/div>\n\t\t\t\t\t<\/div>\n\t\t<\/div>\n\t\t\t\t\t\t\t<\/div>\n\t\t<\/section>\n\t\t\t\t<section class=\"elementor-section elementor-top-section elementor-element elementor-element-514dcf7 elementor-section-boxed elementor-section-height-default elementor-section-height-default\" data-id=\"514dcf7\" data-element_type=\"section\">\n\t\t\t\t\t\t<div class=\"elementor-container elementor-column-gap-default\">\n\t\t\t\t\t<div class=\"elementor-column elementor-col-100 elementor-top-column elementor-element elementor-element-07be85e\" data-id=\"07be85e\" data-element_type=\"column\">\n\t\t\t<div class=\"elementor-widget-wrap\">\n\t\t\t\t\t\t\t\t\t<\/div>\n\t\t<\/div>\n\t\t\t\t\t\t\t<\/div>\n\t\t<\/section>\n\t\t\t\t\t\t\t<\/div>\n\t\t","protected":false},"excerpt":{"rendered":"<p>Le premier forum international \u00a0 1er Congr\u00e8s international\u00a0: Biblioth\u00e8ques universitaires incubateurs pour activer l\u2019enseignement \u00e0 distance en Alg\u00e9rie. \u00a0 \u00a0 Sous le haut patronage de Monsieur le Ministre de l\u2019Enseignement Sup\u00e9rieur et de la Recherche Scientifique,\u00a0 Monsieur le Directeur de&#8230;<\/p>\n","protected":false},"author":3,"featured_media":0,"parent":0,"menu_order":0,"comment_status":"closed","ping_status":"closed","template":"elementor_header_footer","meta":{"footnotes":""},"class_list":["post-6841","page","type-page","status-publish","hentry"],"_links":{"self":[{"href":"https:\/\/biblio.enp.edu.dz\/index.php\/wp-json\/wp\/v2\/pages\/6841","targetHints":{"allow":["GET"]}}],"collection":[{"href":"https:\/\/biblio.enp.edu.dz\/index.php\/wp-json\/wp\/v2\/pages"}],"about":[{"href":"https:\/\/biblio.enp.edu.dz\/index.php\/wp-json\/wp\/v2\/types\/page"}],"author":[{"embeddable":true,"href":"https:\/\/biblio.enp.edu.dz\/index.php\/wp-json\/wp\/v2\/users\/3"}],"replies":[{"embeddable":true,"href":"https:\/\/biblio.enp.edu.dz\/index.php\/wp-json\/wp\/v2\/comments?post=6841"}],"version-history":[{"count":19,"href":"https:\/\/biblio.enp.edu.dz\/index.php\/wp-json\/wp\/v2\/pages\/6841\/revisions"}],"predecessor-version":[{"id":7076,"href":"https:\/\/biblio.enp.edu.dz\/index.php\/wp-json\/wp\/v2\/pages\/6841\/revisions\/7076"}],"wp:attachment":[{"href":"https:\/\/biblio.enp.edu.dz\/index.php\/wp-json\/wp\/v2\/media?parent=6841"}],"curies":[{"name":"wp","href":"https:\/\/api.w.org\/{rel}","templated":true}]}}