{"id":7826,"date":"2021-09-08T11:34:03","date_gmt":"2021-09-08T09:34:03","guid":{"rendered":"https:\/\/biblio.enp.edu.dz\/?page_id=7826"},"modified":"2024-09-22T15:14:42","modified_gmt":"2024-09-22T13:14:42","slug":"__trashed","status":"publish","type":"page","link":"https:\/\/biblio.enp.edu.dz\/index.php\/fr\/__trashed\/","title":{"rendered":"DOSSIER A FOURNIR"},"content":{"rendered":"\t\t<div data-elementor-type=\"wp-page\" data-elementor-id=\"7826\" class=\"elementor elementor-7826\">\n\t\t\t\t\t\t\t\t\t<section class=\"elementor-section elementor-top-section elementor-element elementor-element-33ee9243 elementor-section-boxed elementor-section-height-default elementor-section-height-default\" data-id=\"33ee9243\" data-element_type=\"section\">\n\t\t\t\t\t\t<div class=\"elementor-container elementor-column-gap-default\">\n\t\t\t\t\t<div class=\"elementor-column elementor-col-100 elementor-top-column elementor-element elementor-element-1ba9a5d8\" data-id=\"1ba9a5d8\" data-element_type=\"column\">\n\t\t\t<div class=\"elementor-widget-wrap elementor-element-populated\">\n\t\t\t\t\t\t\t\t<div class=\"elementor-element elementor-element-34c79fbb elementor-widget elementor-widget-text-editor\" data-id=\"34c79fbb\" data-element_type=\"widget\" data-widget_type=\"text-editor.default\">\n\t\t\t\t<div class=\"elementor-widget-container\">\n\t\t\t\t\t\t\t<!-- wp:themeisle-blocks\/advanced-columns {\"id\":\"wp-block-themeisle-blocks-advanced-columns-36a87300\"} -->\n<div class=\"wp-block-themeisle-blocks-advanced-columns has-undefined-columns has-desktop-undefined-layout has-tablet-equal-layout has-mobile-equal-layout has-default-gap has-vertical-unset\" id=\"wp-block-themeisle-blocks-advanced-columns-36a87300\"><div class=\"wp-block-themeisle-blocks-advanced-columns-overlay\"><\/div><div class=\"innerblocks-wrap\"><\/div><\/div>\n<!-- \/wp:themeisle-blocks\/advanced-columns -->\t\t\t\t\t\t<\/div>\n\t\t\t\t<\/div>\n\t\t\t\t\t<\/div>\n\t\t<\/div>\n\t\t\t\t\t\t\t<\/div>\n\t\t<\/section>\n\t\t\t\t<section class=\"elementor-section elementor-top-section elementor-element elementor-element-26a246 elementor-section-content-middle elementor-section-full_width elementor-section-height-default elementor-section-height-default\" data-id=\"26a246\" data-element_type=\"section\" data-settings=\"{&quot;background_background&quot;:&quot;classic&quot;}\">\n\t\t\t\t\t\t\t<div class=\"elementor-background-overlay\"><\/div>\n\t\t\t\t\t\t\t<div class=\"elementor-container elementor-column-gap-wide\">\n\t\t\t\t\t<div class=\"elementor-column elementor-col-100 elementor-top-column elementor-element elementor-element-555ddc4a\" data-id=\"555ddc4a\" data-element_type=\"column\">\n\t\t\t<div class=\"elementor-widget-wrap elementor-element-populated\">\n\t\t\t\t\t\t\t\t<div class=\"elementor-element elementor-element-59d2df93 elementor-widget elementor-widget-heading\" data-id=\"59d2df93\" data-element_type=\"widget\" data-widget_type=\"heading.default\">\n\t\t\t\t<div class=\"elementor-widget-container\">\n\t\t\t<h1 class=\"elementor-heading-title elementor-size-default\">DOSSIER A FOURNIR<\/h1>\t\t<\/div>\n\t\t\t\t<\/div>\n\t\t\t\t\t<\/div>\n\t\t<\/div>\n\t\t\t\t\t\t\t<\/div>\n\t\t<\/section>\n\t\t\t\t<section class=\"elementor-section elementor-top-section elementor-element elementor-element-68093463 elementor-section-boxed elementor-section-height-default elementor-section-height-default\" data-id=\"68093463\" data-element_type=\"section\">\n\t\t\t\t\t\t<div class=\"elementor-container elementor-column-gap-default\">\n\t\t\t\t\t<div class=\"elementor-column elementor-col-100 elementor-top-column elementor-element elementor-element-2d91431e\" data-id=\"2d91431e\" data-element_type=\"column\">\n\t\t\t<div class=\"elementor-widget-wrap\">\n\t\t\t\t\t\t\t\t\t<\/div>\n\t\t<\/div>\n\t\t\t\t\t\t\t<\/div>\n\t\t<\/section>\n\t\t\t\t<section class=\"elementor-section elementor-top-section elementor-element elementor-element-4426fecb elementor-section-boxed elementor-section-height-default elementor-section-height-default\" data-id=\"4426fecb\" data-element_type=\"section\">\n\t\t\t\t\t\t<div class=\"elementor-container elementor-column-gap-default\">\n\t\t\t\t\t<div class=\"elementor-column elementor-col-100 elementor-top-column elementor-element elementor-element-473ef244\" data-id=\"473ef244\" data-element_type=\"column\">\n\t\t\t<div class=\"elementor-widget-wrap elementor-element-populated\">\n\t\t\t\t\t\t\t\t<div class=\"elementor-element elementor-element-5a5a9d3 elementor-widget elementor-widget-heading\" data-id=\"5a5a9d3\" data-element_type=\"widget\" data-widget_type=\"heading.default\">\n\t\t\t\t<div class=\"elementor-widget-container\">\n\t\t\t<h2 class=\"elementor-heading-title elementor-size-default\">INSCRIPTION ET R\u00c9INSCRIPTION<\/h2>\t\t<\/div>\n\t\t\t\t<\/div>\n\t\t\t\t<div class=\"elementor-element elementor-element-4faa749f elementor-widget-divider--view-line elementor-widget elementor-widget-divider\" data-id=\"4faa749f\" data-element_type=\"widget\" data-widget_type=\"divider.default\">\n\t\t\t\t<div class=\"elementor-widget-container\">\n\t\t\t\t\t<div class=\"elementor-divider\">\n\t\t\t<span class=\"elementor-divider-separator\">\n\t\t\t\t\t\t<\/span>\n\t\t<\/div>\n\t\t\t\t<\/div>\n\t\t\t\t<\/div>\n\t\t\t\t<div class=\"elementor-element elementor-element-b5208d1 elementor-widget elementor-widget-heading\" data-id=\"b5208d1\" data-element_type=\"widget\" data-widget_type=\"heading.default\">\n\t\t\t\t<div class=\"elementor-widget-container\">\n\t\t\t<h2 class=\"elementor-heading-title elementor-size-default\">Nouvelle Inscription<\/h2>\t\t<\/div>\n\t\t\t\t<\/div>\n\t\t\t\t<div class=\"elementor-element elementor-element-d62632b elementor-widget-divider--view-line elementor-widget elementor-widget-divider\" data-id=\"d62632b\" data-element_type=\"widget\" data-widget_type=\"divider.default\">\n\t\t\t\t<div class=\"elementor-widget-container\">\n\t\t\t\t\t<div class=\"elementor-divider\">\n\t\t\t<span class=\"elementor-divider-separator\">\n\t\t\t\t\t\t<\/span>\n\t\t<\/div>\n\t\t\t\t<\/div>\n\t\t\t\t<\/div>\n\t\t\t\t<div class=\"elementor-element elementor-element-2bad160f elementor-widget elementor-widget-text-editor\" data-id=\"2bad160f\" data-element_type=\"widget\" data-widget_type=\"text-editor.default\">\n\t\t\t\t<div class=\"elementor-widget-container\">\n\t\t\t\t\t\t\t<p>Les documents \u00e0 fournir :<\/p><ul><li>01 Photo.\u00a0<strong>(<\/strong><b><u>scann\u00e9e sur le formulaire d\u2019inscription)<\/u><\/b><\/li><li>Le formulaire d\u00fbment rempli, enregistr\u00e9 comme suit:\u00a0<strong>NOM.Pr\u00e9nom<\/strong>\u00a0et envoy\u00e9 par e-mail a l\u2019adresse suivante:\u00a0<strong><a href=\"mailto:inscription.biblio@g.enp.edu.dz\">inscription.biblio@g.enp.edu.dz<\/a><\/strong><\/li><li><a href=\"https:\/\/biblio.enp.edu.dz\/wp-content\/uploads\/2024\/09\/FICHE_DE_LECTEUR.docx\" target=\"_blank\" rel=\"noopener\">T\u00e9l\u00e9charger le formulaire d\u2019inscription<\/a><\/li><\/ul><p>Se pr\u00e9senter \u00e0 la Biblioth\u00e8que:<\/p><ul><li>Pour les Etudiants de\u00a0<strong>1<sup>\u00e8re<\/sup>\u00a0et 2<sup>\u00e8me<\/sup> Ann\u00e9e CPST\u00a0<\/strong><strong>au niveau de la banque de pr\u00eat du Rez-de-Chauss\u00e9e<\/strong><\/li><li>Pour les Etudiants\u00a0<strong>en Sp\u00e9cialit\u00e9 au niveau de la banque de pr\u00eat au 1er \u00e9tage<\/strong><\/li><\/ul>\t\t\t\t\t\t<\/div>\n\t\t\t\t<\/div>\n\t\t\t\t<div class=\"elementor-element elementor-element-712bc284 elementor-widget elementor-widget-heading\" data-id=\"712bc284\" data-element_type=\"widget\" data-widget_type=\"heading.default\">\n\t\t\t\t<div class=\"elementor-widget-container\">\n\t\t\t<h2 class=\"elementor-heading-title elementor-size-default\">R\u00e9inscription<\/h2>\t\t<\/div>\n\t\t\t\t<\/div>\n\t\t\t\t<div class=\"elementor-element elementor-element-5aae8fb8 elementor-widget-divider--view-line elementor-widget elementor-widget-divider\" data-id=\"5aae8fb8\" data-element_type=\"widget\" data-widget_type=\"divider.default\">\n\t\t\t\t<div class=\"elementor-widget-container\">\n\t\t\t\t\t<div class=\"elementor-divider\">\n\t\t\t<span class=\"elementor-divider-separator\">\n\t\t\t\t\t\t<\/span>\n\t\t<\/div>\n\t\t\t\t<\/div>\n\t\t\t\t<\/div>\n\t\t\t\t<div class=\"elementor-element elementor-element-33112950 elementor-widget elementor-widget-text-editor\" data-id=\"33112950\" data-element_type=\"widget\" data-widget_type=\"text-editor.default\">\n\t\t\t\t<div class=\"elementor-widget-container\">\n\t\t\t\t\t\t\t<p>Les documents \u00e0 fournir :<\/p><ul><li>Ancienne carte de lecteur.<\/li><\/ul><p>Se pr\u00e9senter \u00e0 la Biblioth\u00e8que:<\/p><ul><li>Pour les Etudiants de <strong>2<sup>\u00e8me<\/sup> Ann\u00e9e CPST au niveau de la banque de pr\u00eat du Rez-de-Chauss\u00e9e<\/strong><\/li><li>Pour les Etudiants <strong>en Sp\u00e9cialit\u00e9 au niveau de la banque de pr\u00eat au 1er \u00e9tage<\/strong><\/li><\/ul>\t\t\t\t\t\t<\/div>\n\t\t\t\t<\/div>\n\t\t\t\t\t<\/div>\n\t\t<\/div>\n\t\t\t\t\t\t\t<\/div>\n\t\t<\/section>\n\t\t\t\t\t\t\t<\/div>\n\t\t","protected":false},"excerpt":{"rendered":"<p>DOSSIER A FOURNIR INSCRIPTION ET R\u00c9INSCRIPTION Nouvelle Inscription Les documents \u00e0 fournir : 01 Photo.\u00a0(scann\u00e9e sur le formulaire d\u2019inscription) Le formulaire d\u00fbment rempli, enregistr\u00e9 comme suit:\u00a0NOM.Pr\u00e9nom\u00a0et envoy\u00e9 par e-mail a l\u2019adresse suivante:\u00a0inscription.biblio@g.enp.edu.dz T\u00e9l\u00e9charger le formulaire d\u2019inscription Se pr\u00e9senter \u00e0 la&#8230;<\/p>\n","protected":false},"author":3,"featured_media":0,"parent":0,"menu_order":0,"comment_status":"closed","ping_status":"closed","template":"elementor_header_footer","meta":{"footnotes":""},"class_list":["post-7826","page","type-page","status-publish","hentry"],"_links":{"self":[{"href":"https:\/\/biblio.enp.edu.dz\/index.php\/wp-json\/wp\/v2\/pages\/7826","targetHints":{"allow":["GET"]}}],"collection":[{"href":"https:\/\/biblio.enp.edu.dz\/index.php\/wp-json\/wp\/v2\/pages"}],"about":[{"href":"https:\/\/biblio.enp.edu.dz\/index.php\/wp-json\/wp\/v2\/types\/page"}],"author":[{"embeddable":true,"href":"https:\/\/biblio.enp.edu.dz\/index.php\/wp-json\/wp\/v2\/users\/3"}],"replies":[{"embeddable":true,"href":"https:\/\/biblio.enp.edu.dz\/index.php\/wp-json\/wp\/v2\/comments?post=7826"}],"version-history":[{"count":5,"href":"https:\/\/biblio.enp.edu.dz\/index.php\/wp-json\/wp\/v2\/pages\/7826\/revisions"}],"predecessor-version":[{"id":7834,"href":"https:\/\/biblio.enp.edu.dz\/index.php\/wp-json\/wp\/v2\/pages\/7826\/revisions\/7834"}],"wp:attachment":[{"href":"https:\/\/biblio.enp.edu.dz\/index.php\/wp-json\/wp\/v2\/media?parent=7826"}],"curies":[{"name":"wp","href":"https:\/\/api.w.org\/{rel}","templated":true}]}}